{"id":448,"date":"2023-10-16T20:07:41","date_gmt":"2023-10-16T19:07:41","guid":{"rendered":"https:\/\/e-dualtron.ch\/?post_type=product&#038;p=448"},"modified":"2026-01-13T07:49:35","modified_gmt":"2026-01-13T06:49:35","slug":"dualtron-city-20ah","status":"publish","type":"product","link":"https:\/\/e-dualtron.ch\/index.php\/produkt\/dualtron-city-20ah\/","title":{"rendered":"Dualtron CITY 20Ah"},"content":{"rendered":"<div id=\"product-description-short-55\" class=\"product-description-short mb-3 \">\n<div id=\"product-description-short-36\" class=\"product-description-short mb-3 \">Der \u00e4u\u00dferst innovative Dualtron City ist der sicherste und komfortabelste Elektroroller f\u00fcr die st\u00e4dtische Umgebung. Seine einzigartigen gro\u00dfen 15-Zoll-Reifen, hohe Bodenfreiheit und l\u00e4ngere Radstand f\u00fchren zu beispielloser Stabilit\u00e4t, Komfort und Sicherheit auf der Stra\u00dfe &#8211; und verbannt die Angst vor Schlagl\u00f6chern in die Geschichtsb\u00fccher! Dieser Dualtron ist speziell f\u00fcr die Stadt gemacht und verf\u00fcgt \u00fcber eine eingebaute Hupe, dedizierte Blinker und einen herausnehmbaren Akku.<\/div>\n<div><\/div>\n<div class=\"product-description-short mb-3 \"><strong>Fran\u00e7ais:<\/strong><\/div>\n<p class=\"product-description-short mb-3 \"><em>Le Dualtron City, extr\u00eamement innovant, est le scooter \u00e9lectrique le plus s\u00fbr et le plus confortable pour l&#8217;environnement urbain. Ses pneus uniques de 15 pouces, sa garde au sol \u00e9lev\u00e9e et son empattement plus long offrent une stabilit\u00e9, un confort et une s\u00e9curit\u00e9 in\u00e9gal\u00e9s sur la route, rel\u00e9guant la peur des nids-de-poule aux oubliettes ! Ce Dualtron est con\u00e7u pour la ville et est \u00e9quip\u00e9 d&#8217;un klaxon int\u00e9gr\u00e9, de clignotants d\u00e9di\u00e9s et d&#8217;une batterie amovible.<\/em><\/p>\n<\/div>\n<p>&nbsp;<\/p>\n<p id=\"product-description-short-55\" class=\"product-description-short mb-3 \"><strong>Batterie: <\/strong>60V <strong><em>20Ah<\/em><\/strong><\/p>\n<p class=\"product-description-short mb-3 \"><strong>Reichweite:<\/strong> Bis zu <span style=\"color: #ff9900;\"><strong>90 km<\/strong><\/span><\/p>\n<p class=\"product-description-short mb-3 \"><strong>Leistung:<\/strong> 4000 W Nom. (1450 W Max.) &#8211; Begrenzt auf 25 km\/h = <span class=\"sh-ds__full\"><span class=\"sh-ds__full-txt translate-content\">500 W<\/span><\/span><\/p>\n<p class=\"product-description-short mb-3 \"><strong>Geschwindigkeit:<\/strong> Begrenzt auf 25 km\/h abgegrenzt<strong> 70 km\/h<\/strong><strong> *<\/strong><\/p>\n<p class=\"product-description-short mb-3 \"><strong>Bremsen:<\/strong> Bremscheiben vorne und hinten, + elektrische<\/p>\n<p class=\"product-description-short mb-3 \"><strong>Gewicht:<\/strong> 41 kg<\/p>\n<p class=\"product-description-short mb-3 \"><strong>Massnahmen: <\/strong><span class=\"sh-ds__full\"><span class=\"sh-ds__full-txt translate-content\">157x 61x 131 cm<\/span><\/span> &#8211; <span class=\"sh-ds__full\"><span class=\"sh-ds__full-txt translate-content\">157 x 25 x 75 cm<\/span><\/span> (Gefaltet)<\/p>\n<p><strong>Raddurchmesser: <\/strong><span class=\"sh-ds__full\"><span class=\"sh-ds__full-txt translate-content\">15<\/span><\/span>\u2033<\/p>\n<p>&nbsp;<\/p>\n<p>&nbsp;<\/p>\n<ul>\n<li>Bei Auslieferung betr\u00e4gt die Geschwindigkeit 25 km\/h.<\/li>\n<li><strong>*<\/strong> Ohne Begrenzung nur auf Privat Gel\u00e4nde: Nicht zul\u00e4ssig auf \u00f6ffentlichen Strassen<\/li>\n<\/ul>\n<p>&nbsp;<\/p>\n<p>24-monatige Garantie auf den Elektroroller<\/p>\n<p><img decoding=\"async\" class=\"wp-image-161 alignleft\" src=\"https:\/\/e-dualtron.ch\/wp-content\/uploads\/2020\/09\/24_garantie-300x300.jpg\" alt=\"\" width=\"113\" height=\"113\" srcset=\"https:\/\/e-dualtron.ch\/wp-content\/uploads\/2020\/09\/24_garantie-300x300.jpg 300w, https:\/\/e-dualtron.ch\/wp-content\/uploads\/2020\/09\/24_garantie-100x100.jpg 100w, https:\/\/e-dualtron.ch\/wp-content\/uploads\/2020\/09\/24_garantie-150x150.jpg 150w, https:\/\/e-dualtron.ch\/wp-content\/uploads\/2020\/09\/24_garantie.jpg 304w\" sizes=\"(max-width: 113px) 100vw, 113px\" \/><\/p>\n<p>&nbsp;<\/p>\n<p>&nbsp;<\/p>\n<p>&nbsp;<\/p>\n<p>&nbsp;<\/p>\n<p style=\"text-align: left;\">12-monatige Garantie auf den Akku.<\/p>\n<p><img decoding=\"async\" class=\"wp-image-163 alignleft\" src=\"https:\/\/e-dualtron.ch\/wp-content\/uploads\/2020\/08\/12_garantie.jpg\" alt=\"\" width=\"113\" height=\"113\" srcset=\"https:\/\/e-dualtron.ch\/wp-content\/uploads\/2020\/08\/12_garantie.jpg 284w, https:\/\/e-dualtron.ch\/wp-content\/uploads\/2020\/08\/12_garantie-100x100.jpg 100w, https:\/\/e-dualtron.ch\/wp-content\/uploads\/2020\/08\/12_garantie-150x150.jpg 150w\" sizes=\"(max-width: 113px) 100vw, 113px\" \/><\/p>\n<p>&nbsp;<\/p>\n<p>&nbsp;<\/p>\n<p>&nbsp;<\/p>\n<p>&nbsp;<\/p>\n<div data-test='contact-form' id='contact-form-448' class='wp-block-jetpack-contact-form-container '>\n<form action='https:\/\/e-dualtron.ch\/index.php\/produkt\/dualtron-city-20ah\/#contact-form-448' method='post' class='contact-form commentsblock' aria-label=\"Dualtron CITY 20Ah\" novalidate>\n\n<div style=\"\" class='grunion-field-name-wrap grunion-field-wrap'  >\n<label\n\t\t\t\tfor='g448-name'\n\t\t\t\tclass='grunion-field-label name'>Name<span class=\"grunion-label-required\" aria-hidden=\"true\">(required)<\/span><\/label>\n<input\n\t\t\t\t\ttype='text'\n\t\t\t\t\tname='g448-name'\n\t\t\t\t\tid='g448-name'\n\t\t\t\t\tvalue=''\n\t\t\t\t\tclass='name  grunion-field' \n\t\t\t\t\trequired aria-required='true' \/>\n\t<\/div>\n\n<div style=\"\" class='grunion-field-email-wrap grunion-field-wrap'  >\n<label\n\t\t\t\tfor='g448-email'\n\t\t\t\tclass='grunion-field-label email'>E-mail<span class=\"grunion-label-required\" aria-hidden=\"true\">(required)<\/span><\/label>\n<input\n\t\t\t\t\ttype='email'\n\t\t\t\t\tname='g448-email'\n\t\t\t\t\tid='g448-email'\n\t\t\t\t\tvalue=''\n\t\t\t\t\tclass='email  grunion-field' \n\t\t\t\t\trequired aria-required='true' \/>\n\t<\/div>\n\n<div style=\"\" class='grunion-field-textarea-wrap grunion-field-wrap'  >\n<label\n\t\t\t\tfor='contact-form-comment-g448-message'\n\t\t\t\tclass='grunion-field-label textarea'>Message<\/label>\n<textarea\n\t\t                style=''\n\t\t                name='g448-message'\n\t\t                id='contact-form-comment-g448-message'\n\t\t                rows='20' class='textarea  grunion-field'  ><\/textarea>\n\t<\/div>\n\t<p class='contact-submit'>\n\t\t<button type='submit' class='pushbutton-wide'>Submit<\/button>\t\t<input type='hidden' name='contact-form-id' value='448' \/>\n\t\t<input type='hidden' name='action' value='grunion-contact-form' \/>\n\t\t<input type='hidden' name='contact-form-hash' value='d3e95fee06b67d4d1fd36ecaab46636ad318d6f8' \/>\n\t<\/p>\n<p style=\"display: none !important;\" class=\"akismet-fields-container\" data-prefix=\"ak_\"><label>&#916;<textarea name=\"ak_hp_textarea\" cols=\"45\" rows=\"8\" maxlength=\"100\"><\/textarea><\/label><input type=\"hidden\" id=\"ak_js_1\" name=\"ak_js\" value=\"185\"\/><script type=\"text\/javascript\">\n\/* <![CDATA[ *\/\ndocument.getElementById( \"ak_js_1\" ).setAttribute( \"value\", ( new Date() ).getTime() );\n\/* ]]> *\/\n<\/script>\n<\/p><\/form>\n<\/div>\n","protected":false},"excerpt":{"rendered":"<h1 style=\"text-align: left;\"><span style=\"color: #ff9900;\">Bald wieder lieferbar !<\/span><\/h1>\n<p>&nbsp;<\/p>\n<p>&nbsp;<\/p>\n","protected":false},"featured_media":449,"comment_status":"open","ping_status":"closed","template":"","meta":[],"product_cat":[15],"product_tag":[37,60,59,56,16,24,18,23,22,58],"jetpack_sharing_enabled":true,"_links":{"self":[{"href":"https:\/\/e-dualtron.ch\/index.php\/wp-json\/wp\/v2\/product\/448"}],"collection":[{"href":"https:\/\/e-dualtron.ch\/index.php\/wp-json\/wp\/v2\/product"}],"about":[{"href":"https:\/\/e-dualtron.ch\/index.php\/wp-json\/wp\/v2\/types\/product"}],"replies":[{"embeddable":true,"href":"https:\/\/e-dualtron.ch\/index.php\/wp-json\/wp\/v2\/comments?post=448"}],"wp:featuredmedia":[{"embeddable":true,"href":"https:\/\/e-dualtron.ch\/index.php\/wp-json\/wp\/v2\/media\/449"}],"wp:attachment":[{"href":"https:\/\/e-dualtron.ch\/index.php\/wp-json\/wp\/v2\/media?parent=448"}],"wp:term":[{"taxonomy":"product_cat","embeddable":true,"href":"https:\/\/e-dualtron.ch\/index.php\/wp-json\/wp\/v2\/product_cat?post=448"},{"taxonomy":"product_tag","embeddable":true,"href":"https:\/\/e-dualtron.ch\/index.php\/wp-json\/wp\/v2\/product_tag?post=448"}],"curies":[{"name":"wp","href":"https:\/\/api.w.org\/{rel}","templated":true}]}}