{"id":443,"date":"2023-09-06T20:19:29","date_gmt":"2023-09-06T19:19:29","guid":{"rendered":"https:\/\/e-dualtron.ch\/?post_type=product&#038;p=443"},"modified":"2026-03-18T20:46:39","modified_gmt":"2026-03-18T19:46:39","slug":"nem-t-10-125","status":"publish","type":"product","link":"https:\/\/e-dualtron.ch\/index.php\/produkt\/nem-t-10-125\/","title":{"rendered":"NEM T-10 125"},"content":{"rendered":"<div id=\"product-description-short-55\" class=\"product-description-short mb-3 \">\n<div id=\"product-description-short-36\" class=\"product-description-short mb-3 \">\n<h4><strong>Neues elektrisches 125er Scooter &#8211; NEM <span style=\"color: #ff0000;\">T-10<\/span><\/strong><\/h4>\n<p>&nbsp;<\/p>\n<p>Entdecken Sie unsere Palette an elektrischen Scooter unserem Elektromotorradgesch\u00e4ft E-Dualtron.ch.<\/p>\n<p>Wir pr\u00e4sentieren das neue NEM T-10 Scooter mit einem sportlichen und Offroad-Design, das dem T-MAX Scooter sehr \u00e4hnlich sieht.<\/p>\n<p>Es handelt sich um ein elektrisches Fahrzeug ohne Emissionen, das \u00fcberall aufgeladen und gefahren werden kann. Es ist vollst\u00e4ndig zugelassen und tr\u00e4gt das 0% Emissionskennzeichen.<\/p>\n<p>&nbsp;<\/p>\n<p>F\u00fcr diejenigen, die mehr Leistung und Sportlichkeit w\u00fcnschen, kombiniert der NEM Motors T10 modernes Design und neueste Technologie. \u00c4quivalent zu einem herk\u00f6mmlichen Roller mit 125 ccm, erfordert er praktisch keine Wartung, bietet nahezu sofortige Beschleunigung dank seiner maximalen Leistung von 11.000 W, eine Reichweite von bis zu 160 km, die es Ihnen erm\u00f6glicht, in Ihrer Stadt zu fahren, ohne sich Gedanken dar\u00fcber machen zu m\u00fcssen, wie weit Sie kommen k\u00f6nnen, und das Beste daran ist, dass er keine Emissionen produziert.<br \/>\n<strong>Batterie: <span style=\"color: #ff6600;\">72V<\/span> <span style=\"color: #ff0000;\">105Ah<\/span>\u00a0\u00a0 <\/strong><em><span class=\"attr_value\">LG 21700<br \/>\n<\/span><\/em><strong><span class=\"attr_value\">Ladezeit: <\/span><\/strong><span class=\"attr_value\">4 Stunden, von 20% auf 100% und nur etwa 2 Stunden von 80% auf 100% aufzuladen.<\/span><strong><br \/>\n<\/strong><\/p>\n<p><strong>Reichweite:<\/strong> Bis zu <strong>200 km<\/strong>\u00a0<em> Ideal f\u00fcr lange Strecken<\/em><\/p>\n<p><strong>Leistung:<\/strong> Nominal: 6&#8217;000W &#8211; <strong>11&#8217;000W<\/strong> (H\u00f6chste Leistung)<\/p>\n<p><strong>Geschwindigkeit:<\/strong>\u00a0 <strong>110 km\/h <\/strong><em>Schnelle Geschwindigkeitserfahrung<\/em><strong><br \/>\n<\/strong><\/p>\n<p><strong>Bremsystem:<\/strong> Scheibenbremse vorne\/hinten Hydraulik + Magnetic<\/p>\n<p><strong>Gewicht:<\/strong> 170 kg<\/p>\n<p><strong>Batteriegewicht<\/strong>: 50 kg<\/p>\n<p><strong>Sportreifen<\/strong> Pr\u00e4zision im Sportstil<\/p>\n<p><strong><span style=\"color: #ff9900;\">3 Jahre<\/span> Garantie<\/strong> Hervorragender Kundendienst oder 30.000km<\/p>\n<p><strong><span style=\"color: #808080;\">\u00a0<\/span><\/strong><\/p>\n<\/div>\n<\/div>\n<ul>\n<li>Mit der A1-F\u00fchrerscheinklasse k\u00f6nnen Sie entspannt auf \u00f6ffentlichen Stra\u00dfen fahren.<\/li>\n<\/ul>\n<p>&nbsp;<\/p>\n<p>36-monatige Garantie auf den Elektroroller<\/p>\n<p><img decoding=\"async\" class=\"wp-image-417 alignleft\" src=\"https:\/\/e-dualtron.ch\/wp-content\/uploads\/2023\/06\/36_garantie-300x300.jpg\" alt=\"\" width=\"119\" height=\"119\" srcset=\"https:\/\/e-dualtron.ch\/wp-content\/uploads\/2023\/06\/36_garantie-300x300.jpg 300w, https:\/\/e-dualtron.ch\/wp-content\/uploads\/2023\/06\/36_garantie-150x150.jpg 150w, https:\/\/e-dualtron.ch\/wp-content\/uploads\/2023\/06\/36_garantie-100x100.jpg 100w, https:\/\/e-dualtron.ch\/wp-content\/uploads\/2023\/06\/36_garantie-60x60.jpg 60w, https:\/\/e-dualtron.ch\/wp-content\/uploads\/2023\/06\/36_garantie-90x90.jpg 90w, https:\/\/e-dualtron.ch\/wp-content\/uploads\/2023\/06\/36_garantie.jpg 304w\" sizes=\"(max-width: 119px) 100vw, 119px\" \/><\/p>\n<p>&nbsp;<\/p>\n<p>&nbsp;<\/p>\n<p>&nbsp;<\/p>\n<p>&nbsp;<\/p>\n<p style=\"text-align: left;\">12-monatige Garantie auf den Akku.<\/p>\n<p><img decoding=\"async\" class=\"wp-image-163 alignleft\" src=\"https:\/\/e-dualtron.ch\/wp-content\/uploads\/2020\/08\/12_garantie.jpg\" alt=\"\" width=\"113\" height=\"113\" srcset=\"https:\/\/e-dualtron.ch\/wp-content\/uploads\/2020\/08\/12_garantie.jpg 284w, https:\/\/e-dualtron.ch\/wp-content\/uploads\/2020\/08\/12_garantie-100x100.jpg 100w, https:\/\/e-dualtron.ch\/wp-content\/uploads\/2020\/08\/12_garantie-150x150.jpg 150w\" sizes=\"(max-width: 113px) 100vw, 113px\" \/><\/p>\n<p>&nbsp;<\/p>\n<p>&nbsp;<\/p>\n<p>&nbsp;<\/p>\n<p>&nbsp;<\/p>\n<div data-test='contact-form' id='contact-form-443' class='wp-block-jetpack-contact-form-container '>\n<form action='https:\/\/e-dualtron.ch\/index.php\/produkt\/nem-t-10-125\/#contact-form-443' method='post' class='contact-form commentsblock' aria-label=\"NEM T-10 125\" novalidate>\n\n<div style=\"\" class='grunion-field-name-wrap grunion-field-wrap'  >\n<label\n\t\t\t\tfor='g443-name'\n\t\t\t\tclass='grunion-field-label name'>Name<span class=\"grunion-label-required\" aria-hidden=\"true\">(required)<\/span><\/label>\n<input\n\t\t\t\t\ttype='text'\n\t\t\t\t\tname='g443-name'\n\t\t\t\t\tid='g443-name'\n\t\t\t\t\tvalue=''\n\t\t\t\t\tclass='name  grunion-field' \n\t\t\t\t\trequired aria-required='true' \/>\n\t<\/div>\n\n<div style=\"\" class='grunion-field-email-wrap grunion-field-wrap'  >\n<label\n\t\t\t\tfor='g443-email'\n\t\t\t\tclass='grunion-field-label email'>E-mail<span class=\"grunion-label-required\" aria-hidden=\"true\">(required)<\/span><\/label>\n<input\n\t\t\t\t\ttype='email'\n\t\t\t\t\tname='g443-email'\n\t\t\t\t\tid='g443-email'\n\t\t\t\t\tvalue=''\n\t\t\t\t\tclass='email  grunion-field' \n\t\t\t\t\trequired aria-required='true' \/>\n\t<\/div>\n\n<div style=\"\" class='grunion-field-textarea-wrap grunion-field-wrap'  >\n<label\n\t\t\t\tfor='contact-form-comment-g443-message'\n\t\t\t\tclass='grunion-field-label textarea'>Message<\/label>\n<textarea\n\t\t                style=''\n\t\t                name='g443-message'\n\t\t                id='contact-form-comment-g443-message'\n\t\t                rows='20' class='textarea  grunion-field'  ><\/textarea>\n\t<\/div>\n\t<p class='contact-submit'>\n\t\t<button type='submit' class='pushbutton-wide'>Submit<\/button>\t\t<input type='hidden' name='contact-form-id' value='443' \/>\n\t\t<input type='hidden' name='action' value='grunion-contact-form' \/>\n\t\t<input type='hidden' name='contact-form-hash' value='87faeebf8cf6da8581b864a14f878b21bc9505e3' \/>\n\t<\/p>\n<p style=\"display: none !important;\" class=\"akismet-fields-container\" data-prefix=\"ak_\"><label>&#916;<textarea name=\"ak_hp_textarea\" cols=\"45\" rows=\"8\" maxlength=\"100\"><\/textarea><\/label><input type=\"hidden\" id=\"ak_js_1\" name=\"ak_js\" value=\"117\"\/><script type=\"text\/javascript\">\n\/* <![CDATA[ *\/\ndocument.getElementById( \"ak_js_1\" ).setAttribute( \"value\", ( new Date() ).getTime() );\n\/* ]]> *\/\n<\/script>\n<\/p><\/form>\n<\/div>\n","protected":false},"excerpt":{"rendered":"<h2><span style=\"color: #ff6600;\"><strong>Bestellbar<\/strong><\/span><\/h2>\n","protected":false},"featured_media":444,"comment_status":"open","ping_status":"closed","template":"","meta":[],"product_cat":[15],"product_tag":[92,54,88,86,93,94,56,90,24,18,23,95,89,87],"jetpack_sharing_enabled":true,"_links":{"self":[{"href":"https:\/\/e-dualtron.ch\/index.php\/wp-json\/wp\/v2\/product\/443"}],"collection":[{"href":"https:\/\/e-dualtron.ch\/index.php\/wp-json\/wp\/v2\/product"}],"about":[{"href":"https:\/\/e-dualtron.ch\/index.php\/wp-json\/wp\/v2\/types\/product"}],"replies":[{"embeddable":true,"href":"https:\/\/e-dualtron.ch\/index.php\/wp-json\/wp\/v2\/comments?post=443"}],"wp:featuredmedia":[{"embeddable":true,"href":"https:\/\/e-dualtron.ch\/index.php\/wp-json\/wp\/v2\/media\/444"}],"wp:attachment":[{"href":"https:\/\/e-dualtron.ch\/index.php\/wp-json\/wp\/v2\/media?parent=443"}],"wp:term":[{"taxonomy":"product_cat","embeddable":true,"href":"https:\/\/e-dualtron.ch\/index.php\/wp-json\/wp\/v2\/product_cat?post=443"},{"taxonomy":"product_tag","embeddable":true,"href":"https:\/\/e-dualtron.ch\/index.php\/wp-json\/wp\/v2\/product_tag?post=443"}],"curies":[{"name":"wp","href":"https:\/\/api.w.org\/{rel}","templated":true}]}}