{"id":441,"date":"2023-08-25T21:20:14","date_gmt":"2023-08-25T20:20:14","guid":{"rendered":"https:\/\/e-dualtron.ch\/?post_type=product&#038;p=441"},"modified":"2026-03-18T20:39:43","modified_gmt":"2026-03-18T19:39:43","slug":"dualtron-eagle","status":"publish","type":"product","link":"https:\/\/e-dualtron.ch\/index.php\/produkt\/dualtron-eagle\/","title":{"rendered":"Dualtron EAGLE"},"content":{"rendered":"<div id=\"product-description-short-45\" class=\"product-description-short mb-3 \">\n<p>Mit unserem Modell Eagle haben wir die Vielseitigkeit betonen wollen. Ohne Kompromisse bei der Leistung bietet der Dualtron Eagle 60V 18Ah einzigartige Fahrerlebnisse. Sie werden ihn komfortabel, praktisch und gleichzeitig kraftvoll finden. Ausgestattet mit zwei 1800W Motoren, zwei 10-Zoll aufblasbaren Reifen und doppelter Federung vorne und hinten, wird Sie der Dualtron Eagle mit bemerkenswertem Komfort auf Privatstra\u00dfen auf bis zu 75 km\/h beschleunigen. Mit einem 60V 18Ah Akku k\u00f6nnen wir im Eco-Modus sogar bis zu 60 km erreichen. Die doppelten Federungen vorne und hinten, die 10-Zoll aufblasbaren Reifen in Verbindung mit einer extra breiten Plattform erm\u00f6glichen eine hervorragende Stra\u00dfenlage.<\/p>\n<\/div>\n<p>&nbsp;<\/p>\n<div id=\"product-description-short-45\" class=\"product-description-short mb-3 \">\n<p><strong>Batterie:<\/strong> 60V 18.2Ah\u00a0 <em><span class=\"attr_value\">LG 21700<\/span><\/em><\/p>\n<p><strong>Reichweite:<\/strong> Bis zu 70 km<\/p>\n<p><strong>Leistung:<\/strong> Max 3600 W (2 Motoren)<\/p>\n<p><strong>Geschwindigkeit:<\/strong> Begrenzt auf 23 km\/h abgegrenzt <strong>75 km\/h *<\/strong><\/p>\n<p><strong>Bremsen:<\/strong> Zwei Bremsscheiben vorne &amp; hinten<\/p>\n<p><strong>Gewicht:<\/strong> 26 kg<\/p>\n<p>&nbsp;<\/p>\n<\/div>\n<p>&nbsp;<\/p>\n<ul>\n<li>Bei Auslieferung betr\u00e4gt die Geschwindigkeit 23 km\/h.<\/li>\n<li><strong>* <\/strong>Ohne Begrenzung nur auf Privat Gel\u00e4nde: Nicht zul\u00e4ssig auf \u00f6ffentlichen Strassen<\/li>\n<\/ul>\n<p>&nbsp;<\/p>\n<p>24-monatige Garantie auf den Elektroroller<\/p>\n<p><img decoding=\"async\" class=\"wp-image-161 alignleft\" src=\"https:\/\/e-dualtron.ch\/wp-content\/uploads\/2020\/09\/24_garantie-300x300.jpg\" alt=\"\" width=\"113\" height=\"113\" srcset=\"https:\/\/e-dualtron.ch\/wp-content\/uploads\/2020\/09\/24_garantie-300x300.jpg 300w, https:\/\/e-dualtron.ch\/wp-content\/uploads\/2020\/09\/24_garantie-100x100.jpg 100w, https:\/\/e-dualtron.ch\/wp-content\/uploads\/2020\/09\/24_garantie-150x150.jpg 150w, https:\/\/e-dualtron.ch\/wp-content\/uploads\/2020\/09\/24_garantie.jpg 304w\" sizes=\"(max-width: 113px) 100vw, 113px\" \/><\/p>\n<p>&nbsp;<\/p>\n<p>&nbsp;<\/p>\n<p>&nbsp;<\/p>\n<p>&nbsp;<\/p>\n<p>12-monatige Garantie auf den Akku.<\/p>\n<p><img decoding=\"async\" class=\"wp-image-163 alignleft\" src=\"https:\/\/e-dualtron.ch\/wp-content\/uploads\/2020\/08\/12_garantie.jpg\" alt=\"\" width=\"113\" height=\"113\" srcset=\"https:\/\/e-dualtron.ch\/wp-content\/uploads\/2020\/08\/12_garantie.jpg 284w, https:\/\/e-dualtron.ch\/wp-content\/uploads\/2020\/08\/12_garantie-100x100.jpg 100w, https:\/\/e-dualtron.ch\/wp-content\/uploads\/2020\/08\/12_garantie-150x150.jpg 150w\" sizes=\"(max-width: 113px) 100vw, 113px\" \/><\/p>\n<p>&nbsp;<\/p>\n<p>&nbsp;<\/p>\n<p>&nbsp;<\/p>\n<p>&nbsp;<\/p>\n<div data-test='contact-form' id='contact-form-441' class='wp-block-jetpack-contact-form-container '>\n<form action='https:\/\/e-dualtron.ch\/index.php\/produkt\/dualtron-eagle\/#contact-form-441' method='post' class='contact-form commentsblock' aria-label=\"Dualtron EAGLE\" novalidate>\n\n<div style=\"\" class='grunion-field-name-wrap grunion-field-wrap'  >\n<label\n\t\t\t\tfor='g441-name'\n\t\t\t\tclass='grunion-field-label name'>Name<span class=\"grunion-label-required\" aria-hidden=\"true\">(required)<\/span><\/label>\n<input\n\t\t\t\t\ttype='text'\n\t\t\t\t\tname='g441-name'\n\t\t\t\t\tid='g441-name'\n\t\t\t\t\tvalue=''\n\t\t\t\t\tclass='name  grunion-field' \n\t\t\t\t\trequired aria-required='true' \/>\n\t<\/div>\n\n<div style=\"\" class='grunion-field-email-wrap grunion-field-wrap'  >\n<label\n\t\t\t\tfor='g441-email'\n\t\t\t\tclass='grunion-field-label email'>E-mail<span class=\"grunion-label-required\" aria-hidden=\"true\">(required)<\/span><\/label>\n<input\n\t\t\t\t\ttype='email'\n\t\t\t\t\tname='g441-email'\n\t\t\t\t\tid='g441-email'\n\t\t\t\t\tvalue=''\n\t\t\t\t\tclass='email  grunion-field' \n\t\t\t\t\trequired aria-required='true' \/>\n\t<\/div>\n\n<div style=\"\" class='grunion-field-textarea-wrap grunion-field-wrap'  >\n<label\n\t\t\t\tfor='contact-form-comment-g441-message'\n\t\t\t\tclass='grunion-field-label textarea'>Message<\/label>\n<textarea\n\t\t                style=''\n\t\t                name='g441-message'\n\t\t                id='contact-form-comment-g441-message'\n\t\t                rows='20' class='textarea  grunion-field'  ><\/textarea>\n\t<\/div>\n\t<p class='contact-submit'>\n\t\t<button type='submit' class='pushbutton-wide'>Submit<\/button>\t\t<input type='hidden' name='contact-form-id' value='441' \/>\n\t\t<input type='hidden' name='action' value='grunion-contact-form' \/>\n\t\t<input type='hidden' name='contact-form-hash' value='47bd26f943b6e06e74e9c893c0e5b1fee6d0c542' \/>\n\t<\/p>\n<p style=\"display: none !important;\" class=\"akismet-fields-container\" data-prefix=\"ak_\"><label>&#916;<textarea name=\"ak_hp_textarea\" cols=\"45\" rows=\"8\" maxlength=\"100\"><\/textarea><\/label><input type=\"hidden\" id=\"ak_js_1\" name=\"ak_js\" value=\"84\"\/><script>document.getElementById( \"ak_js_1\" ).setAttribute( \"value\", ( new Date() ).getTime() );<\/script><\/p><\/form>\n<\/div>\n","protected":false},"excerpt":{"rendered":"<h2><span style=\"color: #ff6600;\"><strong>Lieferbar\u00a0 !!!<\/strong><\/span><\/h2>\n","protected":false},"featured_media":102,"comment_status":"open","ping_status":"closed","template":"","meta":[],"product_cat":[15],"product_tag":[43,16,27,23,22,28,17],"jetpack_sharing_enabled":true,"_links":{"self":[{"href":"https:\/\/e-dualtron.ch\/index.php\/wp-json\/wp\/v2\/product\/441"}],"collection":[{"href":"https:\/\/e-dualtron.ch\/index.php\/wp-json\/wp\/v2\/product"}],"about":[{"href":"https:\/\/e-dualtron.ch\/index.php\/wp-json\/wp\/v2\/types\/product"}],"replies":[{"embeddable":true,"href":"https:\/\/e-dualtron.ch\/index.php\/wp-json\/wp\/v2\/comments?post=441"}],"wp:featuredmedia":[{"embeddable":true,"href":"https:\/\/e-dualtron.ch\/index.php\/wp-json\/wp\/v2\/media\/102"}],"wp:attachment":[{"href":"https:\/\/e-dualtron.ch\/index.php\/wp-json\/wp\/v2\/media?parent=441"}],"wp:term":[{"taxonomy":"product_cat","embeddable":true,"href":"https:\/\/e-dualtron.ch\/index.php\/wp-json\/wp\/v2\/product_cat?post=441"},{"taxonomy":"product_tag","embeddable":true,"href":"https:\/\/e-dualtron.ch\/index.php\/wp-json\/wp\/v2\/product_tag?post=441"}],"curies":[{"name":"wp","href":"https:\/\/api.w.org\/{rel}","templated":true}]}}