{"id":412,"date":"2023-06-28T20:59:45","date_gmt":"2023-06-28T19:59:45","guid":{"rendered":"https:\/\/e-dualtron.ch\/?post_type=product&#038;p=412"},"modified":"2026-03-18T20:40:09","modified_gmt":"2026-03-18T19:40:09","slug":"nem-e-adv-125","status":"publish","type":"product","link":"https:\/\/e-dualtron.ch\/index.php\/produkt\/nem-e-adv-125\/","title":{"rendered":"NEM e-ADV 125"},"content":{"rendered":"<div id=\"product-description-short-55\" class=\"product-description-short mb-3 \">\n<div id=\"product-description-short-36\" class=\"product-description-short mb-3 \">\n<h4><strong>Neues elektrisches 125er Scooter &#8211; NEM <span style=\"color: #008000;\">E-ADV<\/span><\/strong><\/h4>\n<p>&nbsp;<\/p>\n<p>Entdecken Sie unsere Palette an elektrischen Scooter unserem Elektromotorrad-Shop E-Dualtron.ch.<\/p>\n<p>Wir pr\u00e4sentieren das neue NEM E-ADV-Scooter mit einem sportlichen und Offroad-Design, das dem Honda X-ADV Scooter sehr \u00e4hnlich sieht.<\/p>\n<p>Es handelt sich um ein elektrisches Fahrzeug ohne Emissionen, das \u00fcberall aufgeladen und gefahren werden kann. Es ist vollst\u00e4ndig zugelassen und tr\u00e4gt das 0% Emissionskennzeichen.<\/p>\n<p>&nbsp;<\/p>\n<p>Genie\u00dfen Sie die Vorteile einer ger\u00e4uscharmen und emissionsfreien Fahrt, w\u00e4hrend Sie die Stra\u00dfen erkunden. Mit dem NEM E-ADV-Scooter sind Sie bereit, alle Gel\u00e4ndearten zu erobern und das Fahrerlebnis auf ein neues Niveau zu heben.<\/p>\n<p>Erleben Sie die Zukunft der Elektromobilit\u00e4t auf zwei R\u00e4dern.<\/p>\n<p>&nbsp;<\/p>\n<p><strong>Batterie: <span style=\"color: #ff6600;\">72V<\/span> 72Ah\u00a0\u00a0 <\/strong><em><span class=\"attr_value\">LG 21700<br \/>\n<\/span><\/em><strong><span class=\"attr_value\">Ladezeit: <\/span><\/strong><span class=\"attr_value\">4 Stunden, von 20% auf 100% und nur etwa 2 Stunden von 80% auf 100% aufzuladen.<\/span><strong><br \/>\n<\/strong><\/p>\n<p><strong>Reichweite:<\/strong> Bis zu <strong>160 km<\/strong>\u00a0<em> Ideal f\u00fcr lange Strecken<\/em><\/p>\n<p><strong>Leistung:<\/strong> Nominal: <strong>6.0 kW<\/strong> <em>mit einer Spitzenleistung von bis zu 11 kW<\/em><\/p>\n<p><strong>Geschwindigkeit:<\/strong>\u00a0 Max <strong>100 km\/h <\/strong><em>Die Geschwindigkeit variiert je nach Gewicht der Person<\/em><strong><br \/>\n<\/strong><\/p>\n<p><strong>Bremsystem:<\/strong> Scheibenbremse vorne\/hinten Hydraulik + Magnetic<\/p>\n<p><strong>Gewicht:<\/strong> 125 kg<\/p>\n<p><strong>Batteriegewicht<\/strong>: 50 kg<\/p>\n<p><strong>Sportreifen<\/strong> Pr\u00e4zision im Sportstil<\/p>\n<p><strong><span style=\"color: #ff9900;\">3 Jahre<\/span> Garantie<\/strong> Hervorragender Kundendienst oder 30.000km<\/p>\n<p><strong><span style=\"color: #808080;\">\u00a0<\/span><\/strong><\/p>\n<\/div>\n<\/div>\n<ul>\n<li>Mit der A1-F\u00fchrerscheinklasse k\u00f6nnen Sie entspannt auf \u00f6ffentlichen Stra\u00dfen fahren.<\/li>\n<\/ul>\n<p>&nbsp;<\/p>\n<p>36-monatige Garantie auf den Elektroroller<\/p>\n<p><img decoding=\"async\" class=\"wp-image-417 alignleft\" src=\"https:\/\/e-dualtron.ch\/wp-content\/uploads\/2023\/06\/36_garantie-300x300.jpg\" alt=\"\" width=\"119\" height=\"119\" srcset=\"https:\/\/e-dualtron.ch\/wp-content\/uploads\/2023\/06\/36_garantie-300x300.jpg 300w, https:\/\/e-dualtron.ch\/wp-content\/uploads\/2023\/06\/36_garantie-150x150.jpg 150w, https:\/\/e-dualtron.ch\/wp-content\/uploads\/2023\/06\/36_garantie-100x100.jpg 100w, https:\/\/e-dualtron.ch\/wp-content\/uploads\/2023\/06\/36_garantie-60x60.jpg 60w, https:\/\/e-dualtron.ch\/wp-content\/uploads\/2023\/06\/36_garantie-90x90.jpg 90w, https:\/\/e-dualtron.ch\/wp-content\/uploads\/2023\/06\/36_garantie.jpg 304w\" sizes=\"(max-width: 119px) 100vw, 119px\" \/><\/p>\n<p>&nbsp;<\/p>\n<p>&nbsp;<\/p>\n<p>&nbsp;<\/p>\n<p>&nbsp;<\/p>\n<p style=\"text-align: left;\">12-monatige Garantie auf den Akku.<\/p>\n<p><img decoding=\"async\" class=\"wp-image-163 alignleft\" src=\"https:\/\/e-dualtron.ch\/wp-content\/uploads\/2020\/08\/12_garantie.jpg\" alt=\"\" width=\"113\" height=\"113\" srcset=\"https:\/\/e-dualtron.ch\/wp-content\/uploads\/2020\/08\/12_garantie.jpg 284w, https:\/\/e-dualtron.ch\/wp-content\/uploads\/2020\/08\/12_garantie-100x100.jpg 100w, https:\/\/e-dualtron.ch\/wp-content\/uploads\/2020\/08\/12_garantie-150x150.jpg 150w\" sizes=\"(max-width: 113px) 100vw, 113px\" \/><\/p>\n<p>&nbsp;<\/p>\n<p>&nbsp;<\/p>\n<p>&nbsp;<\/p>\n<p>&nbsp;<\/p>\n<div data-test='contact-form' id='contact-form-412' class='wp-block-jetpack-contact-form-container '>\n<form action='https:\/\/e-dualtron.ch\/index.php\/produkt\/nem-e-adv-125\/#contact-form-412' method='post' class='contact-form commentsblock' aria-label=\"NEM e-ADV 125\" novalidate>\n\n<div style=\"\" class='grunion-field-name-wrap grunion-field-wrap'  >\n<label\n\t\t\t\tfor='g412-name'\n\t\t\t\tclass='grunion-field-label name'>Name<span class=\"grunion-label-required\" aria-hidden=\"true\">(required)<\/span><\/label>\n<input\n\t\t\t\t\ttype='text'\n\t\t\t\t\tname='g412-name'\n\t\t\t\t\tid='g412-name'\n\t\t\t\t\tvalue=''\n\t\t\t\t\tclass='name  grunion-field' \n\t\t\t\t\trequired aria-required='true' \/>\n\t<\/div>\n\n<div style=\"\" class='grunion-field-email-wrap grunion-field-wrap'  >\n<label\n\t\t\t\tfor='g412-email'\n\t\t\t\tclass='grunion-field-label email'>E-mail<span class=\"grunion-label-required\" aria-hidden=\"true\">(required)<\/span><\/label>\n<input\n\t\t\t\t\ttype='email'\n\t\t\t\t\tname='g412-email'\n\t\t\t\t\tid='g412-email'\n\t\t\t\t\tvalue=''\n\t\t\t\t\tclass='email  grunion-field' \n\t\t\t\t\trequired aria-required='true' \/>\n\t<\/div>\n\n<div style=\"\" class='grunion-field-textarea-wrap grunion-field-wrap'  >\n<label\n\t\t\t\tfor='contact-form-comment-g412-message'\n\t\t\t\tclass='grunion-field-label textarea'>Message<\/label>\n<textarea\n\t\t                style=''\n\t\t                name='g412-message'\n\t\t                id='contact-form-comment-g412-message'\n\t\t                rows='20' class='textarea  grunion-field'  ><\/textarea>\n\t<\/div>\n\t<p class='contact-submit'>\n\t\t<button type='submit' class='pushbutton-wide'>Submit<\/button>\t\t<input type='hidden' name='contact-form-id' value='412' \/>\n\t\t<input type='hidden' name='action' value='grunion-contact-form' \/>\n\t\t<input type='hidden' name='contact-form-hash' value='cbc07d6ba38bd66b368fd73a8869e13ce2bb176d' \/>\n\t<\/p>\n<p style=\"display: none !important;\" class=\"akismet-fields-container\" data-prefix=\"ak_\"><label>&#916;<textarea name=\"ak_hp_textarea\" cols=\"45\" rows=\"8\" maxlength=\"100\"><\/textarea><\/label><input type=\"hidden\" id=\"ak_js_1\" name=\"ak_js\" value=\"161\"\/><script type=\"text\/javascript\">\n\/* <![CDATA[ *\/\ndocument.getElementById( \"ak_js_1\" ).setAttribute( \"value\", ( new Date() ).getTime() );\n\/* ]]> *\/\n<\/script>\n<\/p><\/form>\n<\/div>\n","protected":false},"excerpt":{"rendered":"<h2><span style=\"color: #ff6600;\"><strong>Bestellbar<br \/>\n<\/strong><\/span><\/h2>\n<h3><span style=\"color: #ff6600;\"><strong><br \/>\n<span style=\"color: #333333;\">Erh\u00e4ltlich in drei Farben:<\/span><\/strong><\/span><\/h3>\n<h3><span style=\"color: #ff6600;\"><strong><span style=\"color: #333333;\">Rot &#8211; Gl\u00e4nzend Schwarz <\/span><\/strong><\/span><span style=\"color: #ff6600;\"><strong><span style=\"color: #333333;\">&#8211; Mattschwarz<\/span><\/strong><\/span><span style=\"color: #ff6600;\"><strong><span style=\"color: #333333;\">. <\/span><\/strong><\/span><\/h3>\n<h3><span style=\"color: #ff6600;\"><strong><span style=\"color: #333333;\">Lieferfrist: 10 Tage.<\/span><\/strong><\/span><\/h3>\n<h3><\/h3>\n","protected":false},"featured_media":435,"comment_status":"open","ping_status":"closed","template":"","meta":[],"product_cat":[15],"product_tag":[92,54,88,86,93,94,56,90,24,18,23,95,89,87],"jetpack_sharing_enabled":true,"_links":{"self":[{"href":"https:\/\/e-dualtron.ch\/index.php\/wp-json\/wp\/v2\/product\/412"}],"collection":[{"href":"https:\/\/e-dualtron.ch\/index.php\/wp-json\/wp\/v2\/product"}],"about":[{"href":"https:\/\/e-dualtron.ch\/index.php\/wp-json\/wp\/v2\/types\/product"}],"replies":[{"embeddable":true,"href":"https:\/\/e-dualtron.ch\/index.php\/wp-json\/wp\/v2\/comments?post=412"}],"wp:featuredmedia":[{"embeddable":true,"href":"https:\/\/e-dualtron.ch\/index.php\/wp-json\/wp\/v2\/media\/435"}],"wp:attachment":[{"href":"https:\/\/e-dualtron.ch\/index.php\/wp-json\/wp\/v2\/media?parent=412"}],"wp:term":[{"taxonomy":"product_cat","embeddable":true,"href":"https:\/\/e-dualtron.ch\/index.php\/wp-json\/wp\/v2\/product_cat?post=412"},{"taxonomy":"product_tag","embeddable":true,"href":"https:\/\/e-dualtron.ch\/index.php\/wp-json\/wp\/v2\/product_tag?post=412"}],"curies":[{"name":"wp","href":"https:\/\/api.w.org\/{rel}","templated":true}]}}