{"id":393,"date":"2023-03-29T23:34:18","date_gmt":"2023-03-29T22:34:18","guid":{"rendered":"https:\/\/e-dualtron.ch\/?post_type=product&#038;p=393"},"modified":"2026-01-13T07:50:56","modified_gmt":"2026-01-13T06:50:56","slug":"dualtron-victor-luxury","status":"publish","type":"product","link":"https:\/\/e-dualtron.ch\/index.php\/produkt\/dualtron-victor-luxury\/","title":{"rendered":"Dualtron Victor Luxury"},"content":{"rendered":"<div id=\"product-description-short-55\" class=\"product-description-short mb-3 \">\n<div id=\"product-description-short-36\" class=\"product-description-short mb-3 \">Der Dualtron Victor Luxury ist der neueste elektrische Roller von Dualtron, ausgestattet mit 4000-Watt-BLDC-Nabenmotoren, hydraulischen Bremsen, 10-Zoll-R\u00e4dern, verbesserter Federung, klappbarem Lenker und einer LG 60V 30Ah Batterie. Dieser Roller ist mit Optionen ausgestattet, die von unseren Kunden gefordert werden.<\/div>\n<div><\/div>\n<div class=\"product-description-short mb-3 \">\n<p><strong>Batterie: <\/strong><span style=\"color: #000000;\">60V<\/span> <strong>30Ah<\/strong> <strong>\u00a0 <\/strong><em><span class=\"attr_value\">LG 21700<\/span><\/em><strong>Reichweite:<\/strong> Bis zu 100 km<strong>Leistung:<\/strong> Max 4000W (2 Motoren) &#8211; Begrenzt auf 25 km\/h = <span class=\"sh-ds__full\"><span class=\"sh-ds__full-txt translate-content\">500 W<\/span><\/span><\/p>\n<p><strong>Geschwindigkeit:<\/strong> Begrenzt auf 25 km\/h abgegrenzt <strong>80km\/h *<\/strong><\/p>\n<p><strong>Bremsen:<\/strong> Magnet + Hydraulik gleichzeitig + ABS<\/p>\n<p><strong>Reifen: <\/strong>Tubless 11&#8243;<\/p>\n<p><strong>Gewicht:<\/strong> 33 kg<\/p>\n<p><strong>Massnahmen:\u00a0<\/strong>1250 x 615 x 1240mm \u2013 1110 x 275 x 560mm (Gefaltet)<\/p>\n<p><span style=\"color: #808080;\"><strong>\u00a0<\/strong><\/span><\/p>\n<p>&nbsp;<\/p>\n<\/div>\n<\/div>\n<ul>\n<li>Bei Auslieferung betr\u00e4gt die Geschwindigkeit 25 km\/h.<\/li>\n<li><strong>*<\/strong> Ohne Begrenzung nur auf Privat Gel\u00e4nde: Nicht zul\u00e4ssig auf \u00f6ffentlichen Strassen<\/li>\n<\/ul>\n<p>&nbsp;<\/p>\n<p>24-monatige Garantie auf den Elektroroller<\/p>\n<p><img decoding=\"async\" class=\"wp-image-161 alignleft\" src=\"https:\/\/e-dualtron.ch\/wp-content\/uploads\/2020\/09\/24_garantie-300x300.jpg\" alt=\"\" width=\"113\" height=\"113\" srcset=\"https:\/\/e-dualtron.ch\/wp-content\/uploads\/2020\/09\/24_garantie-300x300.jpg 300w, https:\/\/e-dualtron.ch\/wp-content\/uploads\/2020\/09\/24_garantie-100x100.jpg 100w, https:\/\/e-dualtron.ch\/wp-content\/uploads\/2020\/09\/24_garantie-150x150.jpg 150w, https:\/\/e-dualtron.ch\/wp-content\/uploads\/2020\/09\/24_garantie.jpg 304w\" sizes=\"(max-width: 113px) 100vw, 113px\" \/><\/p>\n<p>&nbsp;<\/p>\n<p>&nbsp;<\/p>\n<p>&nbsp;<\/p>\n<p>&nbsp;<\/p>\n<p style=\"text-align: left;\">12-monatige Garantie auf den Akku.<\/p>\n<p><img decoding=\"async\" class=\"wp-image-163 alignleft\" src=\"https:\/\/e-dualtron.ch\/wp-content\/uploads\/2020\/08\/12_garantie.jpg\" alt=\"\" width=\"113\" height=\"113\" srcset=\"https:\/\/e-dualtron.ch\/wp-content\/uploads\/2020\/08\/12_garantie.jpg 284w, https:\/\/e-dualtron.ch\/wp-content\/uploads\/2020\/08\/12_garantie-100x100.jpg 100w, https:\/\/e-dualtron.ch\/wp-content\/uploads\/2020\/08\/12_garantie-150x150.jpg 150w\" sizes=\"(max-width: 113px) 100vw, 113px\" \/><\/p>\n<p>&nbsp;<\/p>\n<p>&nbsp;<\/p>\n<p>&nbsp;<\/p>\n<p>&nbsp;<\/p>\n<div data-test='contact-form' id='contact-form-393' class='wp-block-jetpack-contact-form-container '>\n<form action='https:\/\/e-dualtron.ch\/index.php\/produkt\/dualtron-victor-luxury\/#contact-form-393' method='post' class='contact-form commentsblock' aria-label=\"Dualtron Victor Luxury\" novalidate>\n\n<div style=\"\" class='grunion-field-name-wrap grunion-field-wrap'  >\n<label\n\t\t\t\tfor='g393-name'\n\t\t\t\tclass='grunion-field-label name'>Name<span class=\"grunion-label-required\" aria-hidden=\"true\">(required)<\/span><\/label>\n<input\n\t\t\t\t\ttype='text'\n\t\t\t\t\tname='g393-name'\n\t\t\t\t\tid='g393-name'\n\t\t\t\t\tvalue=''\n\t\t\t\t\tclass='name  grunion-field' \n\t\t\t\t\trequired aria-required='true' \/>\n\t<\/div>\n\n<div style=\"\" class='grunion-field-email-wrap grunion-field-wrap'  >\n<label\n\t\t\t\tfor='g393-email'\n\t\t\t\tclass='grunion-field-label email'>E-mail<span class=\"grunion-label-required\" aria-hidden=\"true\">(required)<\/span><\/label>\n<input\n\t\t\t\t\ttype='email'\n\t\t\t\t\tname='g393-email'\n\t\t\t\t\tid='g393-email'\n\t\t\t\t\tvalue=''\n\t\t\t\t\tclass='email  grunion-field' \n\t\t\t\t\trequired aria-required='true' \/>\n\t<\/div>\n\n<div style=\"\" class='grunion-field-textarea-wrap grunion-field-wrap'  >\n<label\n\t\t\t\tfor='contact-form-comment-g393-message'\n\t\t\t\tclass='grunion-field-label textarea'>Message<\/label>\n<textarea\n\t\t                style=''\n\t\t                name='g393-message'\n\t\t                id='contact-form-comment-g393-message'\n\t\t                rows='20' class='textarea  grunion-field'  ><\/textarea>\n\t<\/div>\n\t<p class='contact-submit'>\n\t\t<button type='submit' class='pushbutton-wide'>Submit<\/button>\t\t<input type='hidden' name='contact-form-id' value='393' \/>\n\t\t<input type='hidden' name='action' value='grunion-contact-form' \/>\n\t\t<input type='hidden' name='contact-form-hash' value='99f1d6a43fc9dadd95aaab33b676a9befe3c0b34' \/>\n\t<\/p>\n<p style=\"display: none !important;\" class=\"akismet-fields-container\" data-prefix=\"ak_\"><label>&#916;<textarea name=\"ak_hp_textarea\" cols=\"45\" rows=\"8\" maxlength=\"100\"><\/textarea><\/label><input type=\"hidden\" id=\"ak_js_1\" name=\"ak_js\" value=\"141\"\/><script type=\"text\/javascript\">\n\/* <![CDATA[ *\/\ndocument.getElementById( \"ak_js_1\" ).setAttribute( \"value\", ( new Date() ).getTime() );\n\/* ]]> *\/\n<\/script>\n<\/p><\/form>\n<\/div>\n","protected":false},"excerpt":{"rendered":"<h2><span style=\"color: #ff6600;\"><strong>Lieferbar<\/strong><\/span><\/h2>\n<h2><span style=\"color: #ff6600;\"><strong>\u00a0<\/strong><\/span><\/h2>\n","protected":false},"featured_media":387,"comment_status":"open","ping_status":"closed","template":"","meta":[],"product_cat":[15],"product_tag":[85,60,84,82,16,24,18,23,22,83],"jetpack_sharing_enabled":true,"_links":{"self":[{"href":"https:\/\/e-dualtron.ch\/index.php\/wp-json\/wp\/v2\/product\/393"}],"collection":[{"href":"https:\/\/e-dualtron.ch\/index.php\/wp-json\/wp\/v2\/product"}],"about":[{"href":"https:\/\/e-dualtron.ch\/index.php\/wp-json\/wp\/v2\/types\/product"}],"replies":[{"embeddable":true,"href":"https:\/\/e-dualtron.ch\/index.php\/wp-json\/wp\/v2\/comments?post=393"}],"wp:featuredmedia":[{"embeddable":true,"href":"https:\/\/e-dualtron.ch\/index.php\/wp-json\/wp\/v2\/media\/387"}],"wp:attachment":[{"href":"https:\/\/e-dualtron.ch\/index.php\/wp-json\/wp\/v2\/media?parent=393"}],"wp:term":[{"taxonomy":"product_cat","embeddable":true,"href":"https:\/\/e-dualtron.ch\/index.php\/wp-json\/wp\/v2\/product_cat?post=393"},{"taxonomy":"product_tag","embeddable":true,"href":"https:\/\/e-dualtron.ch\/index.php\/wp-json\/wp\/v2\/product_tag?post=393"}],"curies":[{"name":"wp","href":"https:\/\/api.w.org\/{rel}","templated":true}]}}