{"id":392,"date":"2023-03-29T23:23:53","date_gmt":"2023-03-29T22:23:53","guid":{"rendered":"https:\/\/e-dualtron.ch\/?post_type=product&#038;p=392"},"modified":"2026-01-13T07:49:14","modified_gmt":"2026-01-13T06:49:14","slug":"dualtron-storm-limited","status":"publish","type":"product","link":"https:\/\/e-dualtron.ch\/index.php\/produkt\/dualtron-storm-limited\/","title":{"rendered":"Dualtron STORM Limited"},"content":{"rendered":"<div id=\"product-description-short-55\" class=\"product-description-short mb-3 \">\n<div id=\"product-description-short-36\" class=\"product-description-short mb-3 \">\n<p>Hier ist die Evolution des Dualtron Storm: der Dualtron Storm Limited. Der Dualtron Storm Limited verf\u00fcgt \u00fcber enorme <strong>11500-Watt<\/strong>-BLDC-Motoren, einstellbare Federung, hydraulische Bremsen und 11-Zoll-R\u00e4der mit ultrabreiten Reifen.<\/p>\n<p>Mit einer neuen austauschbaren Batterie geliefert, die eine einfache Wartung bietet. Der Dualtron Storm Limited wurde entwickelt, um maximale Haltbarkeit und Wartungsfreundlichkeit zu bieten. Es gibt zahlreiche Innovationen in diesem Bereich, einschlie\u00dflich einer neuen elektronischen K\u00fchlung, einer verst\u00e4rkten Doppelklemmenkonstruktion und Motoren, die f\u00fcr eine einfachere Demontage der R\u00e4der abgeklemmt werden k\u00f6nnen.<\/p>\n<p>Trotz der Leistung dieses Biests bietet es immer noch eine Reichweite von bis zu <strong>180 km<\/strong>. Dies ist der leistungsst\u00e4rkste Elektroroller auf der Welt.<\/p>\n<p>&nbsp;<\/p>\n<p><strong>Batterie: <span style=\"color: #ff6600;\">84V<\/span><\/strong> 45Ah <strong>\u00a0 <\/strong><em><span class=\"attr_value\">LG 21700<\/span><\/em><\/p>\n<p><strong>Reichweite:<\/strong> Bis zu 180 km<\/p>\n<p><strong>Leistung:<\/strong> Max 11500 W (2 Motoren) &#8211; Begrenzt auf 25 km\/h = <span class=\"sh-ds__full\"><span class=\"sh-ds__full-txt translate-content\">500 W<\/span><\/span><\/p>\n<p><strong>Geschwindigkeit:<\/strong> Begrenzt auf 25 km\/h abgegrenzt <strong>100 km\/h *<\/strong><\/p>\n<p><strong>Bremsen:<\/strong> Magnet + Hydraulik gleichzeitig + ABS<\/p>\n<p><strong>Reifen: <\/strong>Tubless 12&#8243;<\/p>\n<p><strong>Gewicht:<\/strong> 50.5 kg<\/p>\n<p><strong>Massnahmen:\u00a0<\/strong>1210 x 600 x 1300mm &#8211; 1210 x 318 x 605mm (Gefaltet)<\/p>\n<p><span style=\"color: #808080;\"><strong>\u00a0<\/strong><\/span><\/p>\n<p>&nbsp;<\/p>\n<\/div>\n<\/div>\n<ul>\n<li>Bei Auslieferung betr\u00e4gt die Geschwindigkeit 25 km\/h.<\/li>\n<li><strong>*<\/strong> Ohne Begrenzung nur auf Privat Gel\u00e4nde: Nicht zul\u00e4ssig auf \u00f6ffentlichen Strassen<\/li>\n<\/ul>\n<p>&nbsp;<\/p>\n<p>24-monatige Garantie auf den Elektroroller<\/p>\n<p><img decoding=\"async\" class=\"wp-image-161 alignleft\" src=\"https:\/\/e-dualtron.ch\/wp-content\/uploads\/2020\/09\/24_garantie-300x300.jpg\" alt=\"\" width=\"113\" height=\"113\" srcset=\"https:\/\/e-dualtron.ch\/wp-content\/uploads\/2020\/09\/24_garantie-300x300.jpg 300w, https:\/\/e-dualtron.ch\/wp-content\/uploads\/2020\/09\/24_garantie-100x100.jpg 100w, https:\/\/e-dualtron.ch\/wp-content\/uploads\/2020\/09\/24_garantie-150x150.jpg 150w, https:\/\/e-dualtron.ch\/wp-content\/uploads\/2020\/09\/24_garantie.jpg 304w\" sizes=\"(max-width: 113px) 100vw, 113px\" \/><\/p>\n<p>&nbsp;<\/p>\n<p>&nbsp;<\/p>\n<p>&nbsp;<\/p>\n<p>&nbsp;<\/p>\n<p style=\"text-align: left;\">12-monatige Garantie auf den Akku.<\/p>\n<p><img decoding=\"async\" class=\"wp-image-163 alignleft\" src=\"https:\/\/e-dualtron.ch\/wp-content\/uploads\/2020\/08\/12_garantie.jpg\" alt=\"\" width=\"113\" height=\"113\" srcset=\"https:\/\/e-dualtron.ch\/wp-content\/uploads\/2020\/08\/12_garantie.jpg 284w, https:\/\/e-dualtron.ch\/wp-content\/uploads\/2020\/08\/12_garantie-100x100.jpg 100w, https:\/\/e-dualtron.ch\/wp-content\/uploads\/2020\/08\/12_garantie-150x150.jpg 150w\" sizes=\"(max-width: 113px) 100vw, 113px\" \/><\/p>\n<p>&nbsp;<\/p>\n<p>&nbsp;<\/p>\n<p>&nbsp;<\/p>\n<p>&nbsp;<\/p>\n<p>Beachten Sie, dass aufgrund des \u00fcbergewichts F\u00fcr der Dualtron Storm Transportkosten f\u00e4llig werden.<\/p>\n<div data-test='contact-form' id='contact-form-392' class='wp-block-jetpack-contact-form-container '>\n<form action='https:\/\/e-dualtron.ch\/index.php\/produkt\/dualtron-storm-limited\/#contact-form-392' method='post' class='contact-form commentsblock' aria-label=\"Dualtron STORM Limited\" novalidate>\n\n<div style=\"\" class='grunion-field-name-wrap grunion-field-wrap'  >\n<label\n\t\t\t\tfor='g392-name'\n\t\t\t\tclass='grunion-field-label name'>Name<span class=\"grunion-label-required\" aria-hidden=\"true\">(required)<\/span><\/label>\n<input\n\t\t\t\t\ttype='text'\n\t\t\t\t\tname='g392-name'\n\t\t\t\t\tid='g392-name'\n\t\t\t\t\tvalue=''\n\t\t\t\t\tclass='name  grunion-field' \n\t\t\t\t\trequired aria-required='true' \/>\n\t<\/div>\n\n<div style=\"\" class='grunion-field-email-wrap grunion-field-wrap'  >\n<label\n\t\t\t\tfor='g392-email'\n\t\t\t\tclass='grunion-field-label email'>E-mail<span class=\"grunion-label-required\" aria-hidden=\"true\">(required)<\/span><\/label>\n<input\n\t\t\t\t\ttype='email'\n\t\t\t\t\tname='g392-email'\n\t\t\t\t\tid='g392-email'\n\t\t\t\t\tvalue=''\n\t\t\t\t\tclass='email  grunion-field' \n\t\t\t\t\trequired aria-required='true' \/>\n\t<\/div>\n\n<div style=\"\" class='grunion-field-textarea-wrap grunion-field-wrap'  >\n<label\n\t\t\t\tfor='contact-form-comment-g392-message'\n\t\t\t\tclass='grunion-field-label textarea'>Message<\/label>\n<textarea\n\t\t                style=''\n\t\t                name='g392-message'\n\t\t                id='contact-form-comment-g392-message'\n\t\t                rows='20' class='textarea  grunion-field'  ><\/textarea>\n\t<\/div>\n\t<p class='contact-submit'>\n\t\t<button type='submit' class='pushbutton-wide'>Submit<\/button>\t\t<input type='hidden' name='contact-form-id' value='392' \/>\n\t\t<input type='hidden' name='action' value='grunion-contact-form' \/>\n\t\t<input type='hidden' name='contact-form-hash' value='89acdbffe1260766337ebcfa0975d8e01349cb0b' \/>\n\t<\/p>\n<p style=\"display: none !important;\" class=\"akismet-fields-container\" data-prefix=\"ak_\"><label>&#916;<textarea name=\"ak_hp_textarea\" cols=\"45\" rows=\"8\" maxlength=\"100\"><\/textarea><\/label><input type=\"hidden\" id=\"ak_js_1\" name=\"ak_js\" value=\"96\"\/><script type=\"text\/javascript\">\n\/* <![CDATA[ *\/\ndocument.getElementById( \"ak_js_1\" ).setAttribute( \"value\", ( new Date() ).getTime() );\n\/* ]]> *\/\n<\/script>\n<\/p><\/form>\n<\/div>\n","protected":false},"excerpt":{"rendered":"<h2><span style=\"color: #ff6600;\"><strong>Nur auf Bestellung (30+- Tages) Lieferbar<\/strong><\/span><\/h2>\n<h2><span style=\"color: #ff6600;\"><strong>\u00a0<\/strong><\/span><\/h2>\n","protected":false},"featured_media":377,"comment_status":"open","ping_status":"closed","template":"","meta":[],"product_cat":[15],"product_tag":[37,60,59,56,16,24,18,23,22,58],"jetpack_sharing_enabled":true,"_links":{"self":[{"href":"https:\/\/e-dualtron.ch\/index.php\/wp-json\/wp\/v2\/product\/392"}],"collection":[{"href":"https:\/\/e-dualtron.ch\/index.php\/wp-json\/wp\/v2\/product"}],"about":[{"href":"https:\/\/e-dualtron.ch\/index.php\/wp-json\/wp\/v2\/types\/product"}],"replies":[{"embeddable":true,"href":"https:\/\/e-dualtron.ch\/index.php\/wp-json\/wp\/v2\/comments?post=392"}],"wp:featuredmedia":[{"embeddable":true,"href":"https:\/\/e-dualtron.ch\/index.php\/wp-json\/wp\/v2\/media\/377"}],"wp:attachment":[{"href":"https:\/\/e-dualtron.ch\/index.php\/wp-json\/wp\/v2\/media?parent=392"}],"wp:term":[{"taxonomy":"product_cat","embeddable":true,"href":"https:\/\/e-dualtron.ch\/index.php\/wp-json\/wp\/v2\/product_cat?post=392"},{"taxonomy":"product_tag","embeddable":true,"href":"https:\/\/e-dualtron.ch\/index.php\/wp-json\/wp\/v2\/product_tag?post=392"}],"curies":[{"name":"wp","href":"https:\/\/api.w.org\/{rel}","templated":true}]}}