{"id":342,"date":"2022-06-24T22:35:38","date_gmt":"2022-06-24T21:35:38","guid":{"rendered":"https:\/\/e-dualtron.ch\/?post_type=product&#038;p=342"},"modified":"2026-01-13T07:50:42","modified_gmt":"2026-01-13T06:50:42","slug":"schnell-ladegeraet-72v","status":"publish","type":"product","link":"https:\/\/e-dualtron.ch\/index.php\/produkt\/schnell-ladegeraet-72v\/","title":{"rendered":"Schnell-Ladeger\u00e4t 72V 5Ah"},"content":{"rendered":"<div class=\"product_name_wrap flex_container flex_start\">\n<div class=\"flex_child\">\n<h1 class=\"product_name\">Dualtron 72V <span style=\"color: #ff6600;\">5Ah<\/span> Schnell-Ladeger\u00e4t<\/h1>\n<\/div>\n<section class=\"pro_name_right\">\n<div class=\"flex_box\"><\/div>\n<\/section>\n<\/div>\n<div class=\"product-information\">\n<div id=\"product-description-short-78\" class=\"product-description-short mb-3 \">\n<p>Schnell-Ladeger\u00e4t Dualtron 72V <strong>5Ah<\/strong>\u00a0 ladeger\u00e4t f\u00fcr 72V Modelle,<br \/>\nBitte beachten Sie, dass wir f\u00fcr unser schnelles Ladeger\u00e4t f\u00fcr Dualtron zwei verschiedene Steckertypen anbieten: <span style=\"color: #ff6600;\"><strong>LP16<\/strong> <\/span>und <span style=\"color: #ff6600;\"><strong>GX16<\/strong><\/span>. Bitte geben Sie uns w\u00e4hrend des Bestellvorgangs an, welchen Steckertyp Sie ben\u00f6tigen, damit wir Ihnen das passende Ladeger\u00e4t liefern k\u00f6nnen. Vielen Dank f\u00fcr Ihre Unterst\u00fctzung.<\/p>\n<\/div>\n<\/div>\n<p>&nbsp;<\/p>\n<p>24-monatige Garantie<\/p>\n<p><img decoding=\"async\" class=\"wp-image-161 alignleft\" src=\"https:\/\/e-dualtron.ch\/wp-content\/uploads\/2020\/09\/24_garantie-300x300.jpg\" alt=\"\" width=\"113\" height=\"113\" srcset=\"https:\/\/e-dualtron.ch\/wp-content\/uploads\/2020\/09\/24_garantie-300x300.jpg 300w, https:\/\/e-dualtron.ch\/wp-content\/uploads\/2020\/09\/24_garantie-100x100.jpg 100w, https:\/\/e-dualtron.ch\/wp-content\/uploads\/2020\/09\/24_garantie-150x150.jpg 150w, https:\/\/e-dualtron.ch\/wp-content\/uploads\/2020\/09\/24_garantie.jpg 304w\" sizes=\"(max-width: 113px) 100vw, 113px\" \/><\/p>\n<p>&nbsp;<\/p>\n","protected":false},"excerpt":{"rendered":"<h2><span style=\"color: #ff6600;\">Liferbar<\/span><\/h2>\n","protected":false},"featured_media":343,"comment_status":"open","ping_status":"closed","template":"","meta":[],"product_cat":[33],"product_tag":[80,56,45,46,49,48,78,77],"jetpack_sharing_enabled":true,"_links":{"self":[{"href":"https:\/\/e-dualtron.ch\/index.php\/wp-json\/wp\/v2\/product\/342"}],"collection":[{"href":"https:\/\/e-dualtron.ch\/index.php\/wp-json\/wp\/v2\/product"}],"about":[{"href":"https:\/\/e-dualtron.ch\/index.php\/wp-json\/wp\/v2\/types\/product"}],"replies":[{"embeddable":true,"href":"https:\/\/e-dualtron.ch\/index.php\/wp-json\/wp\/v2\/comments?post=342"}],"wp:featuredmedia":[{"embeddable":true,"href":"https:\/\/e-dualtron.ch\/index.php\/wp-json\/wp\/v2\/media\/343"}],"wp:attachment":[{"href":"https:\/\/e-dualtron.ch\/index.php\/wp-json\/wp\/v2\/media?parent=342"}],"wp:term":[{"taxonomy":"product_cat","embeddable":true,"href":"https:\/\/e-dualtron.ch\/index.php\/wp-json\/wp\/v2\/product_cat?post=342"},{"taxonomy":"product_tag","embeddable":true,"href":"https:\/\/e-dualtron.ch\/index.php\/wp-json\/wp\/v2\/product_tag?post=342"}],"curies":[{"name":"wp","href":"https:\/\/api.w.org\/{rel}","templated":true}]}}