{"id":297,"date":"2022-03-31T08:57:15","date_gmt":"2022-03-31T07:57:15","guid":{"rendered":"https:\/\/e-dualtron.ch\/?post_type=product&#038;p=297"},"modified":"2026-03-18T20:40:40","modified_gmt":"2026-03-18T19:40:40","slug":"dualtron-mini-21ah-dual-brake","status":"publish","type":"product","link":"https:\/\/e-dualtron.ch\/index.php\/produkt\/dualtron-mini-21ah-dual-brake\/","title":{"rendered":"Dualtron MINI 21Ah Dual Brake"},"content":{"rendered":"<div id=\"product-description-short-55\" class=\"product-description-short mb-3 \">\n<div id=\"product-description-short-36\" class=\"product-description-short mb-3 \">F\u00fcr den Dualtron Mini entschieden sich Minimotors f\u00fcr ein Design der urbanen Mode. Diese Entscheidung wurde ohne Zweifel getroffen, um die wahre &#171;Sport&#187; -Seite dieses Dualtron widerzuspiegeln. Mit einem neuen Klappsystem, einer Reichweite von bis zu 65 km und einer H\u00f6chstgeschwindigkeit von bis zu 45 km\/h ist er der perfekte elektrische Stadtroller. Die Dualtron Mini Dual Brake ist eine aktualisierte Version des klassischen Mini mit einer zus\u00e4tzlichen vorderen Trommelbremse, die die hintere Trommelbremse f\u00fcr zus\u00e4tzliche Bremskraft erg\u00e4nzt.<\/div>\n<div><\/div>\n<div class=\"product-description-short mb-3 \"><strong>Fran\u00e7ais:<\/strong><\/div>\n<p class=\"product-description-short mb-3 \"><em>Pour le Dualtron Mini, Minimotors ont opt\u00e9 pour un design de mode urbaine, ce choix a sans aucun doute \u00e9t\u00e9 fait pour refl\u00e9ter le vrai c\u00f4t\u00e9 &#171;sportif&#187; de ce Dualtron. Avec un nouveau syst\u00e8me de pliage, une autonomie jusqu&#8217;\u00e0 65 km et une vitesse maximale jusqu&#8217;\u00e0 45 km\/h, c&#8217;est la trottinette \u00e9lectrique parfaite pour la ville. Le Dualtron Mini Dual Brake est une version mise \u00e0 jour du Mini classique avec l&#8217;ajout d&#8217;un frein \u00e0 tambour avant pour compl\u00e9ter le frein \u00e0 tambour arri\u00e8re pour une puissance de freinage suppl\u00e9mentaire.<\/em><\/p>\n<\/div>\n<p>&nbsp;<\/p>\n<p id=\"product-description-short-55\" class=\"product-description-short mb-3 \"><strong>Batterie: <\/strong>52V <strong><em>21Ah<\/em><\/strong><\/p>\n<p class=\"product-description-short mb-3 \"><strong>Reichweite:<\/strong> Bis zu <span style=\"color: #ff9900;\"><strong>65 km<\/strong><\/span><\/p>\n<p class=\"product-description-short mb-3 \"><strong>Leistung:<\/strong> 1000 W Nom. (1450 W Max.) &#8211; Begrenzt auf 25 km\/h = <span class=\"sh-ds__full\"><span class=\"sh-ds__full-txt translate-content\">500 W<\/span><\/span><\/p>\n<p class=\"product-description-short mb-3 \"><strong>Geschwindigkeit:<\/strong> Begrenzt auf 25 km\/h abgegrenzt<strong> 45 km\/h<\/strong><strong> *<\/strong><\/p>\n<p class=\"product-description-short mb-3 \"><strong>Bremsen:<\/strong> Trommelbremse vorne und hinten, + elektrische<\/p>\n<p class=\"product-description-short mb-3 \"><strong>Gewicht:<\/strong> 22 kg<\/p>\n<p class=\"product-description-short mb-3 \"><strong>Massnahmen: <\/strong><span class=\"sh-ds__full\"><span class=\"sh-ds__full-txt translate-content\">115 x 53 x 106 cm<\/span><\/span> &#8211; <span class=\"sh-ds__full\"><span class=\"sh-ds__full-txt translate-content\">96 x 21 x 39 cm<\/span><\/span> (Gefaltet)<\/p>\n<p><strong>Raddurchmesser: <\/strong><span class=\"sh-ds__full\"><span class=\"sh-ds__full-txt translate-content\">8,5<\/span><\/span>\u2033<\/p>\n<p>&nbsp;<\/p>\n<p>&nbsp;<\/p>\n<ul>\n<li>Bei Auslieferung betr\u00e4gt die Geschwindigkeit 25 km\/h.<\/li>\n<li><strong>*<\/strong> Ohne Begrenzung nur auf Privat Gel\u00e4nde: Nicht zul\u00e4ssig auf \u00f6ffentlichen Strassen<\/li>\n<\/ul>\n<p>&nbsp;<\/p>\n<p>24-monatige Garantie auf den Elektroroller<\/p>\n<p><img decoding=\"async\" class=\"wp-image-161 alignleft\" src=\"https:\/\/e-dualtron.ch\/wp-content\/uploads\/2020\/09\/24_garantie-300x300.jpg\" alt=\"\" width=\"113\" height=\"113\" srcset=\"https:\/\/e-dualtron.ch\/wp-content\/uploads\/2020\/09\/24_garantie-300x300.jpg 300w, https:\/\/e-dualtron.ch\/wp-content\/uploads\/2020\/09\/24_garantie-100x100.jpg 100w, https:\/\/e-dualtron.ch\/wp-content\/uploads\/2020\/09\/24_garantie-150x150.jpg 150w, https:\/\/e-dualtron.ch\/wp-content\/uploads\/2020\/09\/24_garantie.jpg 304w\" sizes=\"(max-width: 113px) 100vw, 113px\" \/><\/p>\n<p>&nbsp;<\/p>\n<p>&nbsp;<\/p>\n<p>&nbsp;<\/p>\n<p>&nbsp;<\/p>\n<p style=\"text-align: left;\">12-monatige Garantie auf den Akku.<\/p>\n<p><img decoding=\"async\" class=\"wp-image-163 alignleft\" src=\"https:\/\/e-dualtron.ch\/wp-content\/uploads\/2020\/08\/12_garantie.jpg\" alt=\"\" width=\"113\" height=\"113\" srcset=\"https:\/\/e-dualtron.ch\/wp-content\/uploads\/2020\/08\/12_garantie.jpg 284w, https:\/\/e-dualtron.ch\/wp-content\/uploads\/2020\/08\/12_garantie-100x100.jpg 100w, https:\/\/e-dualtron.ch\/wp-content\/uploads\/2020\/08\/12_garantie-150x150.jpg 150w\" sizes=\"(max-width: 113px) 100vw, 113px\" \/><\/p>\n<p>&nbsp;<\/p>\n<p>&nbsp;<\/p>\n<p>&nbsp;<\/p>\n<p>&nbsp;<\/p>\n<div data-test='contact-form' id='contact-form-297' class='wp-block-jetpack-contact-form-container '>\n<form action='https:\/\/e-dualtron.ch\/index.php\/produkt\/dualtron-mini-21ah-dual-brake\/#contact-form-297' method='post' class='contact-form commentsblock' aria-label=\"Dualtron MINI 21Ah Dual Brake\" novalidate>\n\n<div style=\"\" class='grunion-field-name-wrap grunion-field-wrap'  >\n<label\n\t\t\t\tfor='g297-name'\n\t\t\t\tclass='grunion-field-label name'>Name<span class=\"grunion-label-required\" aria-hidden=\"true\">(required)<\/span><\/label>\n<input\n\t\t\t\t\ttype='text'\n\t\t\t\t\tname='g297-name'\n\t\t\t\t\tid='g297-name'\n\t\t\t\t\tvalue=''\n\t\t\t\t\tclass='name  grunion-field' \n\t\t\t\t\trequired aria-required='true' \/>\n\t<\/div>\n\n<div style=\"\" class='grunion-field-email-wrap grunion-field-wrap'  >\n<label\n\t\t\t\tfor='g297-email'\n\t\t\t\tclass='grunion-field-label email'>E-mail<span class=\"grunion-label-required\" aria-hidden=\"true\">(required)<\/span><\/label>\n<input\n\t\t\t\t\ttype='email'\n\t\t\t\t\tname='g297-email'\n\t\t\t\t\tid='g297-email'\n\t\t\t\t\tvalue=''\n\t\t\t\t\tclass='email  grunion-field' \n\t\t\t\t\trequired aria-required='true' \/>\n\t<\/div>\n\n<div style=\"\" class='grunion-field-textarea-wrap grunion-field-wrap'  >\n<label\n\t\t\t\tfor='contact-form-comment-g297-message'\n\t\t\t\tclass='grunion-field-label textarea'>Message<\/label>\n<textarea\n\t\t                style=''\n\t\t                name='g297-message'\n\t\t                id='contact-form-comment-g297-message'\n\t\t                rows='20' class='textarea  grunion-field'  ><\/textarea>\n\t<\/div>\n\t<p class='contact-submit'>\n\t\t<button type='submit' class='pushbutton-wide'>Submit<\/button>\t\t<input type='hidden' name='contact-form-id' value='297' \/>\n\t\t<input type='hidden' name='action' value='grunion-contact-form' \/>\n\t\t<input type='hidden' name='contact-form-hash' value='6a3e6aade363367669b8a2f8aacfb606078c8702' \/>\n\t<\/p>\n<p style=\"display: none !important;\" class=\"akismet-fields-container\" data-prefix=\"ak_\"><label>&#916;<textarea name=\"ak_hp_textarea\" cols=\"45\" rows=\"8\" maxlength=\"100\"><\/textarea><\/label><input type=\"hidden\" id=\"ak_js_1\" name=\"ak_js\" value=\"215\"\/><script type=\"text\/javascript\">\n\/* <![CDATA[ *\/\ndocument.getElementById( \"ak_js_1\" ).setAttribute( \"value\", ( new Date() ).getTime() );\n\/* ]]> *\/\n<\/script>\n<\/p><\/form>\n<\/div>\n","protected":false},"excerpt":{"rendered":"<h1 style=\"text-align: left;\"><span style=\"color: #ff9900;\">Lieferbar !<\/span><\/h1>\n","protected":false},"featured_media":298,"comment_status":"open","ping_status":"closed","template":"","meta":[],"product_cat":[15],"product_tag":[37,60,59,56,16,24,18,23,22,58],"jetpack_sharing_enabled":true,"_links":{"self":[{"href":"https:\/\/e-dualtron.ch\/index.php\/wp-json\/wp\/v2\/product\/297"}],"collection":[{"href":"https:\/\/e-dualtron.ch\/index.php\/wp-json\/wp\/v2\/product"}],"about":[{"href":"https:\/\/e-dualtron.ch\/index.php\/wp-json\/wp\/v2\/types\/product"}],"replies":[{"embeddable":true,"href":"https:\/\/e-dualtron.ch\/index.php\/wp-json\/wp\/v2\/comments?post=297"}],"wp:featuredmedia":[{"embeddable":true,"href":"https:\/\/e-dualtron.ch\/index.php\/wp-json\/wp\/v2\/media\/298"}],"wp:attachment":[{"href":"https:\/\/e-dualtron.ch\/index.php\/wp-json\/wp\/v2\/media?parent=297"}],"wp:term":[{"taxonomy":"product_cat","embeddable":true,"href":"https:\/\/e-dualtron.ch\/index.php\/wp-json\/wp\/v2\/product_cat?post=297"},{"taxonomy":"product_tag","embeddable":true,"href":"https:\/\/e-dualtron.ch\/index.php\/wp-json\/wp\/v2\/product_tag?post=297"}],"curies":[{"name":"wp","href":"https:\/\/api.w.org\/{rel}","templated":true}]}}