{"id":275,"date":"2021-08-07T19:20:03","date_gmt":"2021-08-07T18:20:03","guid":{"rendered":"https:\/\/e-dualtron.ch\/?post_type=product&#038;p=275"},"modified":"2026-01-13T07:51:03","modified_gmt":"2026-01-13T06:51:03","slug":"dualtron-achilleus","status":"publish","type":"product","link":"https:\/\/e-dualtron.ch\/index.php\/produkt\/dualtron-achilleus\/","title":{"rendered":"Dualtron ACHILLEUS"},"content":{"rendered":"<div id=\"product-description-short-55\" class=\"product-description-short mb-3 \">\n<div id=\"product-description-short-36\" class=\"product-description-short mb-3 \">\n<p>Nachdem der Nachfolger Dualtron Thunder II eingestellt wurde, ist der Achilleus eine Fortsetzung des klassischen Dualtron Thunder, einem der beliebtesten und meistverkauften Minimotors Roller Weltweit.<\/p>\n<p>Zu den Verbesserungen gegen\u00fcber dem klassischen Dualtron Thunder geh\u00f6ren: Neue LED-Beleuchtung, d\u00fcnneres Geh\u00e4use und geringeres Gewicht, neue Fu\u00dfst\u00fctze mit integriertem Lenkerhaken und Sicherheit durch ein doppeltes hydraulisches Bremsscheibensystem mit ABS.<\/p>\n<\/div>\n<\/div>\n<p><strong>Fran\u00e7ais:<\/strong><\/p>\n<p><em>Le Dualtron Thunder \u00e9tant plus fabriqu\u00e9 pour son successeur, le Dualtron Thunder II, l&#8217;Achilleus est la continuation du classique Dualtron Thunder, l&#8217;un des scooters Minimotors les plus populaires et les plus vendus dans le monde.<\/em><\/p>\n<p><em>Les am\u00e9liorations par rapport au Dualtron Thunder classique comprennent : un nouvel \u00e9clairage \u00e0 LED, un corps plus fin et un poids r\u00e9duit, un nouveau repose-pieds avec crochet de guidon int\u00e9gr\u00e9, et la s\u00e9curit\u00e9 est assur\u00e9e par un syst\u00e8me de doubles disques de frein hydrauliques avec ABS.<\/em><\/p>\n<p>&nbsp;<\/p>\n<div id=\"product-description-short-55\" class=\"product-description-short mb-3 \">\n<div id=\"product-description-short-36\" class=\"product-description-short mb-3 \">\n<p><strong>Batterie: <span style=\"color: #ff6600;\">60V<\/span><\/strong> <strong>35Ah\u00a0 <\/strong><em><span class=\"attr_value\">LG 21700<\/span><\/em><strong><br \/>\n<\/strong><strong>Reichweite:<\/strong> Bis zu 120 km<\/p>\n<p><strong>Leistung:<\/strong> Max 4648 W (2 Motoren) &#8211; Begrenzt auf 25 km\/h = <span class=\"sh-ds__full\"><span class=\"sh-ds__full-txt translate-content\">500 W<\/span><\/span><\/p>\n<p><strong>Geschwindigkeit:<\/strong> Begrenzt auf 25 km\/h abgegrenzt <strong>80 km\/h *<\/strong><\/p>\n<p><strong>Bremsen:<\/strong> Magnet + Hydraulik gleichzeitig + ABS<\/p>\n<p><strong>Gewicht:<\/strong> 40.5 kg<\/p>\n<p><strong>Massnahmen: <\/strong>1250 x 615 x 1240mm &#8211; 1110 x 275 x 560mm (Gefaltet)<\/p>\n<p><strong>Raddurchmesser: <\/strong>11\u2033 Tubless \u2013 Ultra Wide<\/p>\n<p>&nbsp;<\/p>\n<\/div>\n<\/div>\n<ul>\n<li>Bei Auslieferung betr\u00e4gt die Geschwindigkeit 25 km\/h.<\/li>\n<li><strong>*<\/strong> Ohne Begrenzung nur auf Privat Gel\u00e4nde: Nicht zul\u00e4ssig auf \u00f6ffentlichen Strassen<\/li>\n<\/ul>\n<p>&nbsp;<\/p>\n<p>24-monatige Garantie auf den Elektroroller<\/p>\n<p><img decoding=\"async\" class=\"wp-image-161 alignleft\" src=\"https:\/\/e-dualtron.ch\/wp-content\/uploads\/2020\/09\/24_garantie-300x300.jpg\" alt=\"\" width=\"113\" height=\"113\" srcset=\"https:\/\/e-dualtron.ch\/wp-content\/uploads\/2020\/09\/24_garantie-300x300.jpg 300w, https:\/\/e-dualtron.ch\/wp-content\/uploads\/2020\/09\/24_garantie-100x100.jpg 100w, https:\/\/e-dualtron.ch\/wp-content\/uploads\/2020\/09\/24_garantie-150x150.jpg 150w, https:\/\/e-dualtron.ch\/wp-content\/uploads\/2020\/09\/24_garantie.jpg 304w\" sizes=\"(max-width: 113px) 100vw, 113px\" \/><\/p>\n<p>&nbsp;<\/p>\n<p>&nbsp;<\/p>\n<p>&nbsp;<\/p>\n<p>&nbsp;<\/p>\n<p style=\"text-align: left;\">12-monatige Garantie auf den Akku.<\/p>\n<p><img decoding=\"async\" class=\"wp-image-163 alignleft\" src=\"https:\/\/e-dualtron.ch\/wp-content\/uploads\/2020\/08\/12_garantie.jpg\" alt=\"\" width=\"113\" height=\"113\" srcset=\"https:\/\/e-dualtron.ch\/wp-content\/uploads\/2020\/08\/12_garantie.jpg 284w, https:\/\/e-dualtron.ch\/wp-content\/uploads\/2020\/08\/12_garantie-100x100.jpg 100w, https:\/\/e-dualtron.ch\/wp-content\/uploads\/2020\/08\/12_garantie-150x150.jpg 150w\" sizes=\"(max-width: 113px) 100vw, 113px\" \/><\/p>\n<p>&nbsp;<\/p>\n<p>&nbsp;<\/p>\n<p>&nbsp;<\/p>\n<p>&nbsp;<\/p>\n<p>Beachten Sie, dass aufgrund des \u00fcbergewichts F\u00fcr der Dualtron Storm Transportkosten f\u00e4llig werden.<\/p>\n<div data-test='contact-form' id='contact-form-275' class='wp-block-jetpack-contact-form-container '>\n<form action='https:\/\/e-dualtron.ch\/index.php\/produkt\/dualtron-achilleus\/#contact-form-275' method='post' class='contact-form commentsblock' aria-label=\"Dualtron ACHILLEUS\" novalidate>\n\n<div style=\"\" class='grunion-field-name-wrap grunion-field-wrap'  >\n<label\n\t\t\t\tfor='g275-name'\n\t\t\t\tclass='grunion-field-label name'>Name<span class=\"grunion-label-required\" aria-hidden=\"true\">(required)<\/span><\/label>\n<input\n\t\t\t\t\ttype='text'\n\t\t\t\t\tname='g275-name'\n\t\t\t\t\tid='g275-name'\n\t\t\t\t\tvalue=''\n\t\t\t\t\tclass='name  grunion-field' \n\t\t\t\t\trequired aria-required='true' \/>\n\t<\/div>\n\n<div style=\"\" class='grunion-field-email-wrap grunion-field-wrap'  >\n<label\n\t\t\t\tfor='g275-email'\n\t\t\t\tclass='grunion-field-label email'>E-mail<span class=\"grunion-label-required\" aria-hidden=\"true\">(required)<\/span><\/label>\n<input\n\t\t\t\t\ttype='email'\n\t\t\t\t\tname='g275-email'\n\t\t\t\t\tid='g275-email'\n\t\t\t\t\tvalue=''\n\t\t\t\t\tclass='email  grunion-field' \n\t\t\t\t\trequired aria-required='true' \/>\n\t<\/div>\n\n<div style=\"\" class='grunion-field-textarea-wrap grunion-field-wrap'  >\n<label\n\t\t\t\tfor='contact-form-comment-g275-message'\n\t\t\t\tclass='grunion-field-label textarea'>Message<\/label>\n<textarea\n\t\t                style=''\n\t\t                name='g275-message'\n\t\t                id='contact-form-comment-g275-message'\n\t\t                rows='20' class='textarea  grunion-field'  ><\/textarea>\n\t<\/div>\n\t<p class='contact-submit'>\n\t\t<button type='submit' class='pushbutton-wide'>Submit<\/button>\t\t<input type='hidden' name='contact-form-id' value='275' \/>\n\t\t<input type='hidden' name='action' value='grunion-contact-form' \/>\n\t\t<input type='hidden' name='contact-form-hash' value='d6d4ee6f7d649dd3b5fc2270715e0aa8f30b2fac' \/>\n\t<\/p>\n<p style=\"display: none !important;\" class=\"akismet-fields-container\" data-prefix=\"ak_\"><label>&#916;<textarea name=\"ak_hp_textarea\" cols=\"45\" rows=\"8\" maxlength=\"100\"><\/textarea><\/label><input type=\"hidden\" id=\"ak_js_1\" name=\"ak_js\" value=\"86\"\/><script type=\"text\/javascript\">\n\/* <![CDATA[ *\/\ndocument.getElementById( \"ak_js_1\" ).setAttribute( \"value\", ( new Date() ).getTime() );\n\/* ]]> *\/\n<\/script>\n<\/p><\/form>\n<\/div>\n","protected":false},"excerpt":{"rendered":"<h1 style=\"text-align: left;\"><span style=\"color: #ff6600;\">Lieferbar !<\/span><\/h1>\n<h3><span style=\"color: #ff6600;\"><strong>Bitte erw\u00e4hnen Sie Ihre Farbwahl<br \/>\n<\/strong><\/span><\/h3>\n","protected":false},"featured_media":291,"comment_status":"open","ping_status":"closed","template":"","meta":[],"product_cat":[15],"product_tag":[37,60,59,56,16,24,18,23,22,58],"jetpack_sharing_enabled":true,"_links":{"self":[{"href":"https:\/\/e-dualtron.ch\/index.php\/wp-json\/wp\/v2\/product\/275"}],"collection":[{"href":"https:\/\/e-dualtron.ch\/index.php\/wp-json\/wp\/v2\/product"}],"about":[{"href":"https:\/\/e-dualtron.ch\/index.php\/wp-json\/wp\/v2\/types\/product"}],"replies":[{"embeddable":true,"href":"https:\/\/e-dualtron.ch\/index.php\/wp-json\/wp\/v2\/comments?post=275"}],"wp:featuredmedia":[{"embeddable":true,"href":"https:\/\/e-dualtron.ch\/index.php\/wp-json\/wp\/v2\/media\/291"}],"wp:attachment":[{"href":"https:\/\/e-dualtron.ch\/index.php\/wp-json\/wp\/v2\/media?parent=275"}],"wp:term":[{"taxonomy":"product_cat","embeddable":true,"href":"https:\/\/e-dualtron.ch\/index.php\/wp-json\/wp\/v2\/product_cat?post=275"},{"taxonomy":"product_tag","embeddable":true,"href":"https:\/\/e-dualtron.ch\/index.php\/wp-json\/wp\/v2\/product_tag?post=275"}],"curies":[{"name":"wp","href":"https:\/\/api.w.org\/{rel}","templated":true}]}}