{"id":274,"date":"2021-08-07T19:08:05","date_gmt":"2021-08-07T18:08:05","guid":{"rendered":"https:\/\/e-dualtron.ch\/?post_type=product&#038;p=274"},"modified":"2026-01-13T07:51:34","modified_gmt":"2026-01-13T06:51:34","slug":"dualtron-spider-ii-limited-edition","status":"publish","type":"product","link":"https:\/\/e-dualtron.ch\/index.php\/produkt\/dualtron-spider-ii-limited-edition\/","title":{"rendered":"Dualtron SPIDER II  Limited Edition"},"content":{"rendered":"<div id=\"product-description-short-55\" class=\"product-description-short mb-3 \">\n<div id=\"product-description-short-36\" class=\"product-description-short mb-3 \">\n<p>Der Dualtron Spider II\u00a0Limited deb\u00fctiert 2021 mit einer neuen Vision, einem neuen Motor und einer neuen Akkulaufzeit, aber immer noch der leichteste 10-Zoll-Roller von Minimotors.<\/p>\n<p>Der Neue Spider II Limited verf\u00fcgt \u00fcber versetzte Ladeanschl\u00fcsse am Vorbau-Headset f\u00fcr eine einfachere und bequemere Bedienung, einen eingebauten Klapphaken zum einfachen Befestigen des Lenkers f\u00fcr den Transport nach dem Zusammenklappen, eine eingebaute hintere Fu\u00dfst\u00fctze, in der sich auch der Controller befindet, um die Wartung zu erleichtern. Der Dualtron Spider II Limited verf\u00fcgt au\u00dferdem \u00fcber ein neues Schwingendesign und Minimotors neue Doppelklemmung, um das Vorbau-Ersch\u00fctterungen weiter zu reduzieren.<\/p>\n<\/div>\n<\/div>\n<p><strong>Fran\u00e7ais:<\/strong><\/p>\n<p><em>Le Dualtron Spider II, fait ses d\u00e9buts en 2021 avec une nouvelle vision, un nouveau moteur et une nouvelle autonomie de batterie, mais toujours la trotinette 10&#8243; le plus l\u00e9ger disponible chez Minimotors.<\/em><\/p>\n<p><em>Le nouveau Spider II comprend des ports de charge d\u00e9plac\u00e9s sur le jeu de direction pour une utilisation plus facile et plus pratique, un crochet int\u00e9gr\u00e9 pour fixer facilement le guidon pour le transport apr\u00e8s le pliage, un repose-pieds arri\u00e8re int\u00e9gr\u00e9 qui abrite \u00e9galement le contr\u00f4leur pour faciliter l&#8217;entretien. Le Dualtron Spider II dispose \u00e9galement d&#8217;une nouvelle conception de bras oscillant et de nouvelles pinces doubles Minimotors pour r\u00e9duire davantage le tremblement du guidon.<\/em><\/p>\n<p>&nbsp;<\/p>\n<p>&nbsp;<\/p>\n<div id=\"product-description-short-55\" class=\"product-description-short mb-3 \">\n<div id=\"product-description-short-36\" class=\"product-description-short mb-3 \">\n<p><strong>Batterie: <span style=\"color: #ff6600;\">60V<\/span><\/strong> <strong>30Ah <\/strong><em><span class=\"attr_value\">LG 21700<\/span><\/em><strong><br \/>\n<\/strong><strong>Reichweite:<\/strong> Bis zu 120 km<\/p>\n<p><strong>Leistung:<\/strong> Max 3984 W (2 Motoren) &#8211; Begrenzt auf 25 km\/h = <span class=\"sh-ds__full\"><span class=\"sh-ds__full-txt translate-content\">500 W<\/span><\/span><\/p>\n<p><strong>Geschwindigkeit:<\/strong> Begrenzt auf 25 km\/h abgegrenzt <strong>70 km\/h *<\/strong><\/p>\n<p><strong>Bremsen:<\/strong> Magnet + Hydraulik gleichzeitig + ABS<\/p>\n<p><strong>Gewicht:<\/strong> 26.2 kg<\/p>\n<p><strong>Massnahmen:\u00a0<\/strong><span class=\"attr_value\">1140 x 605 x 1240 mm<\/span> &#8211; <span class=\"attr_value\">1140 x 605 x 500<\/span> mm (Gefaltet)<\/p>\n<p><strong>Raddurchmesser: <\/strong>10\u2033 mit Luftschlauch \u2013 Wide<\/p>\n<p>&nbsp;<\/p>\n<\/div>\n<\/div>\n<ul>\n<li>Bei Auslieferung betr\u00e4gt die Geschwindigkeit 25 km\/h.<\/li>\n<li><strong>*<\/strong> Ohne Begrenzung nur auf Privat Gel\u00e4nde: Nicht zul\u00e4ssig auf \u00f6ffentlichen Strassen<\/li>\n<\/ul>\n<p>&nbsp;<\/p>\n<p>24-monatige Garantie auf den Elektroroller<\/p>\n<p><img decoding=\"async\" class=\"wp-image-161 alignleft\" src=\"https:\/\/e-dualtron.ch\/wp-content\/uploads\/2020\/09\/24_garantie-300x300.jpg\" alt=\"\" width=\"113\" height=\"113\" srcset=\"https:\/\/e-dualtron.ch\/wp-content\/uploads\/2020\/09\/24_garantie-300x300.jpg 300w, https:\/\/e-dualtron.ch\/wp-content\/uploads\/2020\/09\/24_garantie-100x100.jpg 100w, https:\/\/e-dualtron.ch\/wp-content\/uploads\/2020\/09\/24_garantie-150x150.jpg 150w, https:\/\/e-dualtron.ch\/wp-content\/uploads\/2020\/09\/24_garantie.jpg 304w\" sizes=\"(max-width: 113px) 100vw, 113px\" \/><\/p>\n<p>&nbsp;<\/p>\n<p>&nbsp;<\/p>\n<p>&nbsp;<\/p>\n<p>&nbsp;<\/p>\n<p style=\"text-align: left;\">12-monatige Garantie auf den Akku.<\/p>\n<p><img decoding=\"async\" class=\"wp-image-163 alignleft\" src=\"https:\/\/e-dualtron.ch\/wp-content\/uploads\/2020\/08\/12_garantie.jpg\" alt=\"\" width=\"113\" height=\"113\" srcset=\"https:\/\/e-dualtron.ch\/wp-content\/uploads\/2020\/08\/12_garantie.jpg 284w, https:\/\/e-dualtron.ch\/wp-content\/uploads\/2020\/08\/12_garantie-100x100.jpg 100w, https:\/\/e-dualtron.ch\/wp-content\/uploads\/2020\/08\/12_garantie-150x150.jpg 150w\" sizes=\"(max-width: 113px) 100vw, 113px\" \/><\/p>\n<p>&nbsp;<\/p>\n<p>&nbsp;<\/p>\n<p>&nbsp;<\/p>\n<p>&nbsp;<\/p>\n<p>Beachten Sie, dass aufgrund des \u00fcbergewichts F\u00fcr der Dualtron Storm eine Transportkosten f\u00e4llig werden.<\/p>\n<div data-test='contact-form' id='contact-form-274' class='wp-block-jetpack-contact-form-container '>\n<form action='https:\/\/e-dualtron.ch\/index.php\/produkt\/dualtron-spider-ii-limited-edition\/#contact-form-274' method='post' class='contact-form commentsblock' aria-label=\"Dualtron SPIDER II  Limited Edition\" novalidate>\n\n<div style=\"\" class='grunion-field-name-wrap grunion-field-wrap'  >\n<label\n\t\t\t\tfor='g274-name'\n\t\t\t\tclass='grunion-field-label name'>Name<span class=\"grunion-label-required\" aria-hidden=\"true\">(required)<\/span><\/label>\n<input\n\t\t\t\t\ttype='text'\n\t\t\t\t\tname='g274-name'\n\t\t\t\t\tid='g274-name'\n\t\t\t\t\tvalue=''\n\t\t\t\t\tclass='name  grunion-field' \n\t\t\t\t\trequired aria-required='true' \/>\n\t<\/div>\n\n<div style=\"\" class='grunion-field-email-wrap grunion-field-wrap'  >\n<label\n\t\t\t\tfor='g274-email'\n\t\t\t\tclass='grunion-field-label email'>E-mail<span class=\"grunion-label-required\" aria-hidden=\"true\">(required)<\/span><\/label>\n<input\n\t\t\t\t\ttype='email'\n\t\t\t\t\tname='g274-email'\n\t\t\t\t\tid='g274-email'\n\t\t\t\t\tvalue=''\n\t\t\t\t\tclass='email  grunion-field' \n\t\t\t\t\trequired aria-required='true' \/>\n\t<\/div>\n\n<div style=\"\" class='grunion-field-textarea-wrap grunion-field-wrap'  >\n<label\n\t\t\t\tfor='contact-form-comment-g274-message'\n\t\t\t\tclass='grunion-field-label textarea'>Message<\/label>\n<textarea\n\t\t                style=''\n\t\t                name='g274-message'\n\t\t                id='contact-form-comment-g274-message'\n\t\t                rows='20' class='textarea  grunion-field'  ><\/textarea>\n\t<\/div>\n\t<p class='contact-submit'>\n\t\t<button type='submit' class='pushbutton-wide'>Submit<\/button>\t\t<input type='hidden' name='contact-form-id' value='274' \/>\n\t\t<input type='hidden' name='action' value='grunion-contact-form' \/>\n\t\t<input type='hidden' name='contact-form-hash' value='11f1309a94253093722ee3926f6605d402b0dc46' \/>\n\t<\/p>\n<p style=\"display: none !important;\" class=\"akismet-fields-container\" data-prefix=\"ak_\"><label>&#916;<textarea name=\"ak_hp_textarea\" cols=\"45\" rows=\"8\" maxlength=\"100\"><\/textarea><\/label><input type=\"hidden\" id=\"ak_js_1\" name=\"ak_js\" value=\"76\"\/><script type=\"text\/javascript\">\n\/* <![CDATA[ *\/\ndocument.getElementById( \"ak_js_1\" ).setAttribute( \"value\", ( new Date() ).getTime() );\n\/* ]]> *\/\n<\/script>\n<\/p><\/form>\n<\/div>\n","protected":false},"excerpt":{"rendered":"<h1 style=\"text-align: left;\"><span style=\"color: #ff6600;\">Lieferbar !!<\/span><\/h1>\n","protected":false},"featured_media":264,"comment_status":"open","ping_status":"closed","template":"","meta":[],"product_cat":[15],"product_tag":[37,60,59,56,16,24,18,23,22,58],"jetpack_sharing_enabled":true,"_links":{"self":[{"href":"https:\/\/e-dualtron.ch\/index.php\/wp-json\/wp\/v2\/product\/274"}],"collection":[{"href":"https:\/\/e-dualtron.ch\/index.php\/wp-json\/wp\/v2\/product"}],"about":[{"href":"https:\/\/e-dualtron.ch\/index.php\/wp-json\/wp\/v2\/types\/product"}],"replies":[{"embeddable":true,"href":"https:\/\/e-dualtron.ch\/index.php\/wp-json\/wp\/v2\/comments?post=274"}],"wp:featuredmedia":[{"embeddable":true,"href":"https:\/\/e-dualtron.ch\/index.php\/wp-json\/wp\/v2\/media\/264"}],"wp:attachment":[{"href":"https:\/\/e-dualtron.ch\/index.php\/wp-json\/wp\/v2\/media?parent=274"}],"wp:term":[{"taxonomy":"product_cat","embeddable":true,"href":"https:\/\/e-dualtron.ch\/index.php\/wp-json\/wp\/v2\/product_cat?post=274"},{"taxonomy":"product_tag","embeddable":true,"href":"https:\/\/e-dualtron.ch\/index.php\/wp-json\/wp\/v2\/product_tag?post=274"}],"curies":[{"name":"wp","href":"https:\/\/api.w.org\/{rel}","templated":true}]}}